{"id":597,"date":"2019-01-03T17:07:20","date_gmt":"2019-01-03T16:07:20","guid":{"rendered":"https:\/\/movingmountains.eu\/?page_id=597"},"modified":"2025-06-26T09:27:30","modified_gmt":"2025-06-26T07:27:30","slug":"impressum","status":"publish","type":"page","link":"https:\/\/movingmountains.eu\/en\/impressum\/","title":{"rendered":"Imprint"},"content":{"rendered":"<div data-elementor-type=\"wp-page\" data-elementor-id=\"597\" class=\"elementor elementor-597\" data-elementor-post-type=\"page\">\n\t\t\t\t<div class=\"elementor-element elementor-element-ed4f998 e-con-full e-flex e-con e-parent\" data-id=\"ed4f998\" data-element_type=\"container\" data-e-type=\"container\">\n\t\t<div class=\"elementor-element elementor-element-fca1c3c e-con-full e-flex e-con e-child\" data-id=\"fca1c3c\" data-element_type=\"container\" data-e-type=\"container\">\n\t\t\t\t<div class=\"elementor-element elementor-element-d5f0658 elementor-widget elementor-widget-text-editor\" data-id=\"d5f0658\" data-element_type=\"widget\" data-e-type=\"widget\" data-widget_type=\"text-editor.default\">\n\t\t\t\t<div class=\"elementor-widget-container\">\n\t\t\t\t\t\t\t\t\t<h2>Imprint<\/h2>\n<p><!-- \/wp:heading --><!-- wp:heading {\"level\":3} --><\/p>\n<h5>Information according to \u00a7 5 TMG<\/h5>\n<p><!-- \/wp:paragraph --><!-- wp:paragraph --><\/p>\n<p><strong>peak2peak consulting GmbH<\/strong><br \/>Management: Natalie Sennes, Dominik Sennes, G\u00fcnter Westphal<\/p>\n<p><!-- \/wp:paragraph --><!-- wp:paragraph --><\/p>\n<p>Stefanienstr. 2 A<br \/>82041 Oberhaching<\/p>\n<p><!-- \/wp:paragraph --><!-- wp:paragraph --><\/p>\n<p>+49 (0) 179 2945355\u00a0<br \/>team@movingmountains.eu<br \/>https:\/\/movingmountains.eu<\/p>\n<p><!-- \/wp:paragraph --><!-- wp:paragraph --><\/p>\n<p>District Court Munich HRB 246523<\/p>\n<p><!-- \/wp:paragraph --><!-- wp:paragraph --><\/p>\n<h5><strong>Sources, images and graphics<\/strong><\/h5>\n<p><a href=\"http:\/\/shutterstock.com\">Shutterstock<\/a>, <a href=\"http:\/\/unsplash.com\">unsplash<\/a>, <a href=\"http:\/\/pixabay.com\">pixabay<\/a>, <a href=\"https:\/\/unsplash.com\/@republica\">Adam Smigielski<\/a>, <a href=\"https:\/\/unsplash.com\/@barchpou\">Arthur Poulin<\/a>, <a href=\"https:\/\/pixabay.com\/de\/users\/julius_silver-4371822\/\">Julius Silver<\/a>, <a href=\"https:\/\/pixabay.com\/de\/users\/kordi_vahle-4934524\/\">Kordula Vahle<\/a><\/p>\n<p><!-- \/wp:paragraph --><!-- wp:paragraph --><\/p>\n<h4><strong>Disclaimer:\u00a0<\/strong><\/h4>\n<p><!-- \/wp:paragraph --><!-- wp:paragraph --><\/p>\n<h5><strong>Liability for content<\/strong><\/h5>\n<p><!-- \/wp:paragraph --><!-- wp:paragraph --><\/p>\n<p>The content of our pages has been created with the greatest care. However, we cannot assume any liability for the accuracy, completeness and timeliness of the content. As a service provider, we are responsible for our own content on these pages in accordance with \u00a7 7 (1) TMG in accordance with general laws. However, according to \u00a7\u00a7 8 to 10 TMG, we as a service provider are not obliged to monitor transmitted or stored third-party information or to investigate circumstances that indicate illegal activity. Obligations to remove or block the use of information in accordance with general laws remain unaffected. However, liability in this regard is only possible from the time of knowledge of a specific infringement. If we become aware of such violations, we will remove this content immediately.<\/p>\n<p><!-- \/wp:paragraph --><!-- wp:paragraph --><\/p>\n<h5><strong>Liability for links<\/strong><\/h5>\n<p><!-- \/wp:paragraph --><!-- wp:paragraph --><\/p>\n<p>Despite careful control of the content, we do not assume any liability for the content of external links to third-party websites, as we have no influence on them. The providers or operators of the linked sites are solely responsible for their content. The linked pages were checked for possible legal violations at the time of linking, illegal content was not recognizable at the time of linking. We do not assume any liability for the up-to-dateness, correctness and completeness of the information provided on these websites, nor do we assume liability for direct or indirect damage resulting from the use of or reliance on the information or data contained in these websites. A permanent control of the content of the linked pages is not reasonable without concrete indications of a violation of the law. If we become aware of any legal violations, we will remove such links immediately.<\/p>\n<p><!-- \/wp:paragraph --><!-- wp:paragraph --><\/p>\n<h5><strong>Copyright<\/strong><\/h5>\n<p><!-- \/wp:paragraph --><!-- wp:paragraph --><\/p>\n<p>The content and works created by the site operators on these pages are subject to German copyright law. The reproduction, editing, distribution and any kind of exploitation outside the limits of copyright law require the written consent of the respective author or creator. Downloads and copies of this site are permitted for private, non-commercial use only. Insofar as the content on this page has not been created by the operator, the copyrights of third parties are observed. In particular, third-party content will be marked as such. Should you nevertheless become aware of a copyright infringement, please inform us accordingly. If we become aware of any legal violations, we will remove such content immediately.<\/p>\n<p><!-- \/wp:paragraph --><\/p>\t\t\t\t\t\t\t\t<\/div>\n\t\t\t\t<\/div>\n\t\t\t\t<\/div>\n\t\t\t\t<\/div>\n\t\t\t\t<\/div>","protected":false},"excerpt":{"rendered":"<p>Impressum Angaben gem\u00e4\u00df \u00a7 5 TMG peak2peak consulting GmbHGesch\u00e4ftsf\u00fchrung: Natalie Sennes, Dominik Sennes, G\u00fcnter Westphal Stefanienstr. 2 A82041 Oberhaching +49 (0) 179 2945355\u00a0team@movingmountains.euhttps:\/\/movingmountains.eu Amtsgericht M\u00fcnchen HRB 246523 Quellenangaben Bilder und Grafiken Shutterstock, unsplash, pixabay, Adam Smigielski, Arthur Poulin, Julius Silver, Kordula Vahle Haftungsausschluss:\u00a0 Haftung f\u00fcr Inhalte Die Inhalte unserer Seiten wurden mit gr\u00f6\u00dfter Sorgfalt erstellt. [&hellip;]<\/p>\n","protected":false},"author":1,"featured_media":0,"parent":0,"menu_order":0,"comment_status":"closed","ping_status":"closed","template":"elementor_header_footer","meta":{"inline_featured_image":false,"footnotes":""},"class_list":["post-597","page","type-page","status-publish","hentry"],"yoast_head":"<!-- This site is optimized with the Yoast SEO plugin v27.4 - https:\/\/yoast.com\/product\/yoast-seo-wordpress\/ -->\n<title>Impressum - Moving Mountains<\/title>\n<meta name=\"description\" content=\"Mit WanderCoachings, MountainRetreats, Teamworkshops, Prozessbegleitung bringen wir Entwicklung in Bewegung und in die Natur. Bei unseren Seminaren und Workshops verbinden wir die Expertise unserer Coaches, die Bewegung von K\u00f6rper und Geist und die Kraft der Natur.\" \/>\n<meta name=\"robots\" content=\"index, follow, max-snippet:-1, max-image-preview:large, max-video-preview:-1\" \/>\n<link rel=\"canonical\" href=\"https:\/\/movingmountains.eu\/en\/impressum\/\" \/>\n<meta property=\"og:locale\" content=\"en_US\" \/>\n<meta property=\"og:type\" content=\"article\" \/>\n<meta property=\"og:title\" content=\"Impressum - Moving Mountains\" \/>\n<meta property=\"og:description\" content=\"Mit WanderCoachings, MountainRetreats, Teamworkshops, Prozessbegleitung bringen wir Entwicklung in Bewegung und in die Natur. Bei unseren Seminaren und Workshops verbinden wir die Expertise unserer Coaches, die Bewegung von K\u00f6rper und Geist und die Kraft der Natur.\" \/>\n<meta property=\"og:url\" content=\"https:\/\/movingmountains.eu\/en\/impressum\/\" \/>\n<meta property=\"og:site_name\" content=\"Moving Mountains\" \/>\n<meta property=\"article:publisher\" content=\"https:\/\/www.facebook.com\/momountains\/\" \/>\n<meta property=\"article:modified_time\" content=\"2025-06-26T07:27:30+00:00\" \/>\n<meta name=\"twitter:card\" content=\"summary_large_image\" \/>\n<meta name=\"twitter:label1\" content=\"Est. reading time\" \/>\n\t<meta name=\"twitter:data1\" content=\"3 minutes\" \/>\n<script type=\"application\/ld+json\" class=\"yoast-schema-graph\">{\"@context\":\"https:\\\/\\\/schema.org\",\"@graph\":[{\"@type\":\"WebPage\",\"@id\":\"https:\\\/\\\/movingmountains.eu\\\/impressum\\\/\",\"url\":\"https:\\\/\\\/movingmountains.eu\\\/impressum\\\/\",\"name\":\"Impressum - Moving Mountains\",\"isPartOf\":{\"@id\":\"https:\\\/\\\/movingmountains.eu\\\/en\\\/#website\"},\"datePublished\":\"2019-01-03T16:07:20+00:00\",\"dateModified\":\"2025-06-26T07:27:30+00:00\",\"description\":\"Mit WanderCoachings, MountainRetreats, Teamworkshops, Prozessbegleitung bringen wir Entwicklung in Bewegung und in die Natur. Bei unseren Seminaren und Workshops verbinden wir die Expertise unserer Coaches, die Bewegung von K\u00f6rper und Geist und die Kraft der Natur.\",\"breadcrumb\":{\"@id\":\"https:\\\/\\\/movingmountains.eu\\\/impressum\\\/#breadcrumb\"},\"inLanguage\":\"en-US\",\"potentialAction\":[{\"@type\":\"ReadAction\",\"target\":[\"https:\\\/\\\/movingmountains.eu\\\/impressum\\\/\"]}]},{\"@type\":\"BreadcrumbList\",\"@id\":\"https:\\\/\\\/movingmountains.eu\\\/impressum\\\/#breadcrumb\",\"itemListElement\":[{\"@type\":\"ListItem\",\"position\":1,\"name\":\"Startseite\",\"item\":\"https:\\\/\\\/movingmountains.eu\\\/\"},{\"@type\":\"ListItem\",\"position\":2,\"name\":\"Impressum\"}]},{\"@type\":\"WebSite\",\"@id\":\"https:\\\/\\\/movingmountains.eu\\\/en\\\/#website\",\"url\":\"https:\\\/\\\/movingmountains.eu\\\/en\\\/\",\"name\":\"Moving Mountains\",\"description\":\"Transforming the world in motion.\",\"publisher\":{\"@id\":\"https:\\\/\\\/movingmountains.eu\\\/en\\\/#organization\"},\"potentialAction\":[{\"@type\":\"SearchAction\",\"target\":{\"@type\":\"EntryPoint\",\"urlTemplate\":\"https:\\\/\\\/movingmountains.eu\\\/en\\\/?s={search_term_string}\"},\"query-input\":{\"@type\":\"PropertyValueSpecification\",\"valueRequired\":true,\"valueName\":\"search_term_string\"}}],\"inLanguage\":\"en-US\"},{\"@type\":\"Organization\",\"@id\":\"https:\\\/\\\/movingmountains.eu\\\/en\\\/#organization\",\"name\":\"MovingMountains\",\"url\":\"https:\\\/\\\/movingmountains.eu\\\/en\\\/\",\"logo\":{\"@type\":\"ImageObject\",\"inLanguage\":\"en-US\",\"@id\":\"https:\\\/\\\/movingmountains.eu\\\/en\\\/#\\\/schema\\\/logo\\\/image\\\/\",\"url\":\"\",\"contentUrl\":\"\",\"caption\":\"MovingMountains\"},\"image\":{\"@id\":\"https:\\\/\\\/movingmountains.eu\\\/en\\\/#\\\/schema\\\/logo\\\/image\\\/\"},\"sameAs\":[\"https:\\\/\\\/www.facebook.com\\\/momountains\\\/\",\"https:\\\/\\\/www.instagram.com\\\/movingmountains_momo\\\/\",\"https:\\\/\\\/www.linkedin.com\\\/company\\\/movingmountains\"]}]}<\/script>\n<!-- \/ Yoast SEO plugin. -->","yoast_head_json":{"title":"Imprint - Moving Mountains","description":"With hiking coaching, mountain retreats, team workshops and process support, we bring development into motion and into nature. In our seminars and workshops, we combine the expertise of our coaches, the movement of body and mind and the power of nature.","robots":{"index":"index","follow":"follow","max-snippet":"max-snippet:-1","max-image-preview":"max-image-preview:large","max-video-preview":"max-video-preview:-1"},"canonical":"https:\/\/movingmountains.eu\/en\/impressum\/","og_locale":"en_US","og_type":"article","og_title":"Impressum - Moving Mountains","og_description":"Mit WanderCoachings, MountainRetreats, Teamworkshops, Prozessbegleitung bringen wir Entwicklung in Bewegung und in die Natur. Bei unseren Seminaren und Workshops verbinden wir die Expertise unserer Coaches, die Bewegung von K\u00f6rper und Geist und die Kraft der Natur.","og_url":"https:\/\/movingmountains.eu\/en\/impressum\/","og_site_name":"Moving Mountains","article_publisher":"https:\/\/www.facebook.com\/momountains\/","article_modified_time":"2025-06-26T07:27:30+00:00","twitter_card":"summary_large_image","twitter_misc":{"Est. reading time":"3 minutes"},"schema":{"@context":"https:\/\/schema.org","@graph":[{"@type":"WebPage","@id":"https:\/\/movingmountains.eu\/impressum\/","url":"https:\/\/movingmountains.eu\/impressum\/","name":"Imprint - Moving Mountains","isPartOf":{"@id":"https:\/\/movingmountains.eu\/en\/#website"},"datePublished":"2019-01-03T16:07:20+00:00","dateModified":"2025-06-26T07:27:30+00:00","description":"With hiking coaching, mountain retreats, team workshops and process support, we bring development into motion and into nature. In our seminars and workshops, we combine the expertise of our coaches, the movement of body and mind and the power of nature.","breadcrumb":{"@id":"https:\/\/movingmountains.eu\/impressum\/#breadcrumb"},"inLanguage":"en-US","potentialAction":[{"@type":"ReadAction","target":["https:\/\/movingmountains.eu\/impressum\/"]}]},{"@type":"BreadcrumbList","@id":"https:\/\/movingmountains.eu\/impressum\/#breadcrumb","itemListElement":[{"@type":"ListItem","position":1,"name":"Startseite","item":"https:\/\/movingmountains.eu\/"},{"@type":"ListItem","position":2,"name":"Impressum"}]},{"@type":"WebSite","@id":"https:\/\/movingmountains.eu\/en\/#website","url":"https:\/\/movingmountains.eu\/en\/","name":"Moving Mountains","description":"Transforming the world in motion.","publisher":{"@id":"https:\/\/movingmountains.eu\/en\/#organization"},"potentialAction":[{"@type":"SearchAction","target":{"@type":"EntryPoint","urlTemplate":"https:\/\/movingmountains.eu\/en\/?s={search_term_string}"},"query-input":{"@type":"PropertyValueSpecification","valueRequired":true,"valueName":"search_term_string"}}],"inLanguage":"en-US"},{"@type":"Organization","@id":"https:\/\/movingmountains.eu\/en\/#organization","name":"MovingMountains","url":"https:\/\/movingmountains.eu\/en\/","logo":{"@type":"ImageObject","inLanguage":"en-US","@id":"https:\/\/movingmountains.eu\/en\/#\/schema\/logo\/image\/","url":"","contentUrl":"","caption":"MovingMountains"},"image":{"@id":"https:\/\/movingmountains.eu\/en\/#\/schema\/logo\/image\/"},"sameAs":["https:\/\/www.facebook.com\/momountains\/","https:\/\/www.instagram.com\/movingmountains_momo\/","https:\/\/www.linkedin.com\/company\/movingmountains"]}]}},"_links":{"self":[{"href":"https:\/\/movingmountains.eu\/en\/wp-json\/wp\/v2\/pages\/597","targetHints":{"allow":["GET"]}}],"collection":[{"href":"https:\/\/movingmountains.eu\/en\/wp-json\/wp\/v2\/pages"}],"about":[{"href":"https:\/\/movingmountains.eu\/en\/wp-json\/wp\/v2\/types\/page"}],"author":[{"embeddable":true,"href":"https:\/\/movingmountains.eu\/en\/wp-json\/wp\/v2\/users\/1"}],"replies":[{"embeddable":true,"href":"https:\/\/movingmountains.eu\/en\/wp-json\/wp\/v2\/comments?post=597"}],"version-history":[{"count":0,"href":"https:\/\/movingmountains.eu\/en\/wp-json\/wp\/v2\/pages\/597\/revisions"}],"wp:attachment":[{"href":"https:\/\/movingmountains.eu\/en\/wp-json\/wp\/v2\/media?parent=597"}],"curies":[{"name":"wp","href":"https:\/\/api.w.org\/{rel}","templated":true}]}}