{"id":6140,"date":"2024-05-27T12:29:02","date_gmt":"2024-05-27T10:29:02","guid":{"rendered":"https:\/\/movingmountains.eu\/?page_id=6140"},"modified":"2026-03-07T00:02:07","modified_gmt":"2026-03-06T23:02:07","slug":"termin","status":"publish","type":"page","link":"https:\/\/movingmountains.eu\/en\/termin\/","title":{"rendered":"Events"},"content":{"rendered":"<div data-elementor-type=\"wp-page\" data-elementor-id=\"6140\" class=\"elementor elementor-6140\" data-elementor-post-type=\"page\">\n\t\t\t\t<div class=\"elementor-element elementor-element-1ff30d2 e-flex e-con-boxed e-con e-parent\" data-id=\"1ff30d2\" data-element_type=\"container\" data-e-type=\"container\">\n\t\t\t\t\t<div class=\"e-con-inner\">\n\t\t\t\t<div class=\"elementor-element elementor-element-d85120c elementor-widget elementor-widget-spacer\" data-id=\"d85120c\" data-element_type=\"widget\" data-e-type=\"widget\" data-widget_type=\"spacer.default\">\n\t\t\t\t<div class=\"elementor-widget-container\">\n\t\t\t\t\t\t\t<div class=\"elementor-spacer\">\n\t\t\t<div class=\"elementor-spacer-inner\"><\/div>\n\t\t<\/div>\n\t\t\t\t\t\t<\/div>\n\t\t\t\t<\/div>\n\t\t\t\t\t<\/div>\n\t\t\t\t<\/div>\n\t\t<div class=\"elementor-element elementor-element-368b57e e-flex e-con-boxed e-con e-parent\" data-id=\"368b57e\" data-element_type=\"container\" data-e-type=\"container\">\n\t\t\t\t\t<div class=\"e-con-inner\">\n\t\t<div class=\"elementor-element elementor-element-a8f13a5 e-con-full e-flex e-con e-child\" data-id=\"a8f13a5\" data-element_type=\"container\" data-e-type=\"container\">\n\t\t\t\t<div class=\"elementor-element elementor-element-3d257f6 elementor-widget elementor-widget-heading\" data-id=\"3d257f6\" data-element_type=\"widget\" data-e-type=\"widget\" data-widget_type=\"heading.default\">\n\t\t\t\t<div class=\"elementor-widget-container\">\n\t\t\t\t\t<h2 class=\"elementor-heading-title elementor-size-default\">Our next seminars and dates at a glance<\/h2>\t\t\t\t<\/div>\n\t\t\t\t<\/div>\n\t\t\t\t<\/div>\n\t\t<div class=\"elementor-element elementor-element-85bc013 e-con-full e-flex e-con e-child\" data-id=\"85bc013\" data-element_type=\"container\" data-e-type=\"container\">\n\t\t\t\t<div class=\"elementor-element elementor-element-9995a50 elementor-widget elementor-widget-text-editor\" data-id=\"9995a50\" data-element_type=\"widget\" data-e-type=\"widget\" data-widget_type=\"text-editor.default\">\n\t\t\t\t<div class=\"elementor-widget-container\">\n\t\t\t\t\t\t\t\t\t<p><span style=\"font-weight: 400;\">Every development begins on the inside. By shifting the focus there, a new world is created on the outside. Our seminars and team workshops create space for effective and sustainable development.<\/span><\/p><p><span style=\"font-weight: 400;\">Are you ready for your next development step?<\/span><\/p><p>Here you can find an overview of all dates.<\/p>\t\t\t\t\t\t\t\t<\/div>\n\t\t\t\t<\/div>\n\t\t\t\t<\/div>\n\t\t\t\t\t<\/div>\n\t\t\t\t<\/div>\n\t\t<div class=\"elementor-element elementor-element-d4bb182 e-flex e-con-boxed e-con e-parent\" data-id=\"d4bb182\" data-element_type=\"container\" data-e-type=\"container\">\n\t\t\t\t\t<div class=\"e-con-inner\">\n\t\t<div class=\"elementor-element elementor-element-e2f1e7a e-con-full e-flex e-con e-child\" data-id=\"e2f1e7a\" data-element_type=\"container\" data-e-type=\"container\" data-settings=\"{&quot;background_background&quot;:&quot;classic&quot;}\">\n\t\t<div class=\"elementor-element elementor-element-0e1cafc e-con-full e-flex e-con e-child\" data-id=\"0e1cafc\" data-element_type=\"container\" data-e-type=\"container\" data-settings=\"{&quot;background_background&quot;:&quot;classic&quot;}\">\n\t\t\t\t<\/div>\n\t\t\t\t<div class=\"elementor-element elementor-element-7a243d2 elementor-widget elementor-widget-heading\" data-id=\"7a243d2\" data-element_type=\"widget\" data-e-type=\"widget\" data-widget_type=\"heading.default\">\n\t\t\t\t<div class=\"elementor-widget-container\">\n\t\t\t\t\t<h4 class=\"elementor-heading-title elementor-size-default\">01.-04. August 2026<\/h4>\t\t\t\t<\/div>\n\t\t\t\t<\/div>\n\t\t\t\t<div class=\"elementor-element elementor-element-b6b8118 elementor-widget elementor-widget-heading\" data-id=\"b6b8118\" data-element_type=\"widget\" data-e-type=\"widget\" data-widget_type=\"heading.default\">\n\t\t\t\t<div class=\"elementor-widget-container\">\n\t\t\t\t\t<h3 class=\"elementor-heading-title elementor-size-default\">WanderCoaching Seminar<\/h3>\t\t\t\t<\/div>\n\t\t\t\t<\/div>\n\t\t\t\t<div class=\"elementor-element elementor-element-fcb2006 elementor-align-center elementor-widget__width-initial elementor-widget elementor-widget-button\" data-id=\"fcb2006\" data-element_type=\"widget\" data-e-type=\"widget\" data-widget_type=\"button.default\">\n\t\t\t\t<div class=\"elementor-widget-container\">\n\t\t\t\t\t\t\t\t\t<div class=\"elementor-button-wrapper\">\n\t\t\t\t\t<a class=\"elementor-button elementor-button-link elementor-size-md elementor-animation-grow-rotate\" href=\"https:\/\/movingmountains.eu\/anmeldung-wandercoaching\/\">\n\t\t\t\t\t\t<span class=\"elementor-button-content-wrapper\">\n\t\t\t\t\t\t<span class=\"elementor-button-icon\">\n\t\t\t\t<i aria-hidden=\"true\" class=\"fas fa-forward\"><\/i>\t\t\t<\/span>\n\t\t\t\t\t\t\t\t\t<span class=\"elementor-button-text\">SIGN UP<\/span>\n\t\t\t\t\t<\/span>\n\t\t\t\t\t<\/a>\n\t\t\t\t<\/div>\n\t\t\t\t\t\t\t\t<\/div>\n\t\t\t\t<\/div>\n\t\t\t\t<\/div>\n\t\t<div class=\"elementor-element elementor-element-21b4d3d e-con-full e-flex e-con e-child\" data-id=\"21b4d3d\" data-element_type=\"container\" data-e-type=\"container\" data-settings=\"{&quot;background_background&quot;:&quot;classic&quot;}\">\n\t\t<div class=\"elementor-element elementor-element-4645ddd e-con-full e-flex e-con e-child\" data-id=\"4645ddd\" data-element_type=\"container\" data-e-type=\"container\" data-settings=\"{&quot;background_background&quot;:&quot;classic&quot;}\">\n\t\t\t\t<\/div>\n\t\t\t\t<div class=\"elementor-element elementor-element-3240410 elementor-widget elementor-widget-heading\" data-id=\"3240410\" data-element_type=\"widget\" data-e-type=\"widget\" data-widget_type=\"heading.default\">\n\t\t\t\t<div class=\"elementor-widget-container\">\n\t\t\t\t\t<h4 class=\"elementor-heading-title elementor-size-default\">05.-08. September 2026<\/h4>\t\t\t\t<\/div>\n\t\t\t\t<\/div>\n\t\t\t\t<div class=\"elementor-element elementor-element-20d07a1 elementor-widget elementor-widget-heading\" data-id=\"20d07a1\" data-element_type=\"widget\" data-e-type=\"widget\" data-widget_type=\"heading.default\">\n\t\t\t\t<div class=\"elementor-widget-container\">\n\t\t\t\t\t<h3 class=\"elementor-heading-title elementor-size-default\">WanderCoaching Seminar<\/h3>\t\t\t\t<\/div>\n\t\t\t\t<\/div>\n\t\t\t\t<div class=\"elementor-element elementor-element-6cfc956 elementor-align-center elementor-widget__width-initial elementor-widget elementor-widget-button\" data-id=\"6cfc956\" data-element_type=\"widget\" data-e-type=\"widget\" data-widget_type=\"button.default\">\n\t\t\t\t<div class=\"elementor-widget-container\">\n\t\t\t\t\t\t\t\t\t<div class=\"elementor-button-wrapper\">\n\t\t\t\t\t<a class=\"elementor-button elementor-button-link elementor-size-md elementor-animation-grow-rotate\" href=\"https:\/\/movingmountains.eu\/anmeldung-wandercoaching\/\">\n\t\t\t\t\t\t<span class=\"elementor-button-content-wrapper\">\n\t\t\t\t\t\t<span class=\"elementor-button-icon\">\n\t\t\t\t<i aria-hidden=\"true\" class=\"fas fa-forward\"><\/i>\t\t\t<\/span>\n\t\t\t\t\t\t\t\t\t<span class=\"elementor-button-text\">SIGN UP<\/span>\n\t\t\t\t\t<\/span>\n\t\t\t\t\t<\/a>\n\t\t\t\t<\/div>\n\t\t\t\t\t\t\t\t<\/div>\n\t\t\t\t<\/div>\n\t\t\t\t<\/div>\n\t\t<div class=\"elementor-element elementor-element-789de42 e-con-full e-flex e-con e-child\" data-id=\"789de42\" data-element_type=\"container\" data-e-type=\"container\" data-settings=\"{&quot;background_background&quot;:&quot;classic&quot;}\">\n\t\t<div class=\"elementor-element elementor-element-21c6f37 e-con-full e-flex e-con e-child\" data-id=\"21c6f37\" data-element_type=\"container\" data-e-type=\"container\" data-settings=\"{&quot;background_background&quot;:&quot;classic&quot;}\">\n\t\t\t\t<\/div>\n\t\t\t\t<div class=\"elementor-element elementor-element-52d9dff elementor-widget elementor-widget-heading\" data-id=\"52d9dff\" data-element_type=\"widget\" data-e-type=\"widget\" data-widget_type=\"heading.default\">\n\t\t\t\t<div class=\"elementor-widget-container\">\n\t\t\t\t\t<h4 class=\"elementor-heading-title elementor-size-default\">21.-24. September 2026<\/h4>\t\t\t\t<\/div>\n\t\t\t\t<\/div>\n\t\t\t\t<div class=\"elementor-element elementor-element-f40ed21 elementor-widget elementor-widget-heading\" data-id=\"f40ed21\" data-element_type=\"widget\" data-e-type=\"widget\" data-widget_type=\"heading.default\">\n\t\t\t\t<div class=\"elementor-widget-container\">\n\t\t\t\t\t<h3 class=\"elementor-heading-title elementor-size-default\">Leadership Development Intensive (EN)<\/h3>\t\t\t\t<\/div>\n\t\t\t\t<\/div>\n\t\t\t\t<div class=\"elementor-element elementor-element-0af50d0 elementor-align-center elementor-widget__width-initial elementor-widget elementor-widget-button\" data-id=\"0af50d0\" data-element_type=\"widget\" data-e-type=\"widget\" data-widget_type=\"button.default\">\n\t\t\t\t<div class=\"elementor-widget-container\">\n\t\t\t\t\t\t\t\t\t<div class=\"elementor-button-wrapper\">\n\t\t\t\t\t<a class=\"elementor-button elementor-button-link elementor-size-md elementor-animation-grow-rotate\" href=\"https:\/\/movingmountains.eu\/anmeldung-leadership-development-intensive\/\">\n\t\t\t\t\t\t<span class=\"elementor-button-content-wrapper\">\n\t\t\t\t\t\t<span class=\"elementor-button-icon\">\n\t\t\t\t<i aria-hidden=\"true\" class=\"fas fa-forward\"><\/i>\t\t\t<\/span>\n\t\t\t\t\t\t\t\t\t<span class=\"elementor-button-text\">SIGN UP <\/span>\n\t\t\t\t\t<\/span>\n\t\t\t\t\t<\/a>\n\t\t\t\t<\/div>\n\t\t\t\t\t\t\t\t<\/div>\n\t\t\t\t<\/div>\n\t\t\t\t<\/div>\n\t\t\t\t\t<\/div>\n\t\t\t\t<\/div>\n\t\t<div class=\"elementor-element elementor-element-7e8170a e-flex e-con-boxed e-con e-parent\" data-id=\"7e8170a\" data-element_type=\"container\" data-e-type=\"container\">\n\t\t\t\t\t<div class=\"e-con-inner\">\n\t\t\t\t<div class=\"elementor-element elementor-element-374c2b1 elementor-widget elementor-widget-spacer\" data-id=\"374c2b1\" data-element_type=\"widget\" data-e-type=\"widget\" data-widget_type=\"spacer.default\">\n\t\t\t\t<div class=\"elementor-widget-container\">\n\t\t\t\t\t\t\t<div class=\"elementor-spacer\">\n\t\t\t<div class=\"elementor-spacer-inner\"><\/div>\n\t\t<\/div>\n\t\t\t\t\t\t<\/div>\n\t\t\t\t<\/div>\n\t\t\t\t\t<\/div>\n\t\t\t\t<\/div>\n\t\t\t\t<\/div>","protected":false},"excerpt":{"rendered":"<p>Unsere n\u00e4chsten Seminare und Termine im \u00dcberblick Jede Entwicklung beginnt im Inneren. Indem der Fokus dorthin wandert, entsteht eine neue Welt im Au\u00dfen. In unseren Seminaren und Teamworkshops entsteht Raum f\u00fcr wirkungsvolle und nachhaltige Entwicklung. Bist du bereit f\u00fcr deinen n\u00e4chsten Entwicklungsschritt? Hier findest du alle Termine im \u00dcberblick. 01.-04. August 2026 WanderCoaching Seminar Jetzt [&hellip;]<\/p>\n","protected":false},"author":9,"featured_media":7223,"parent":0,"menu_order":0,"comment_status":"closed","ping_status":"closed","template":"","meta":{"inline_featured_image":false,"footnotes":""},"class_list":["post-6140","page","type-page","status-publish","has-post-thumbnail","hentry"],"yoast_head":"<!-- This site is optimized with the Yoast SEO plugin v27.4 - https:\/\/yoast.com\/product\/yoast-seo-wordpress\/ -->\n<title>Termine - Moving Mountains<\/title>\n<meta name=\"description\" content=\"Alle Termine und Seminare von Moving Mountains im \u00dcberblick. WanderCoachings, Team Offsites, F\u00fchrungskr\u00e4fte und Teamentwicklung.\" \/>\n<meta name=\"robots\" content=\"index, follow, max-snippet:-1, max-image-preview:large, max-video-preview:-1\" \/>\n<link rel=\"canonical\" href=\"https:\/\/movingmountains.eu\/en\/termin\/\" \/>\n<meta property=\"og:locale\" content=\"en_US\" \/>\n<meta property=\"og:type\" content=\"article\" \/>\n<meta property=\"og:title\" content=\"Termine - Moving Mountains\" \/>\n<meta property=\"og:description\" content=\"Alle Termine und Seminare von Moving Mountains im \u00dcberblick. WanderCoachings, Team Offsites, F\u00fchrungskr\u00e4fte und Teamentwicklung.\" \/>\n<meta property=\"og:url\" content=\"https:\/\/movingmountains.eu\/en\/termin\/\" \/>\n<meta property=\"og:site_name\" content=\"Moving Mountains\" \/>\n<meta property=\"article:publisher\" content=\"https:\/\/www.facebook.com\/momountains\/\" \/>\n<meta property=\"article:modified_time\" content=\"2026-03-06T23:02:07+00:00\" \/>\n<meta property=\"og:image\" content=\"https:\/\/movingmountains.eu\/wp-content\/uploads\/2024\/08\/Bildschirmfoto_12-8-2024_145629_movingmountains.eu_.jpeg\" \/>\n\t<meta property=\"og:image:width\" content=\"1802\" \/>\n\t<meta property=\"og:image:height\" content=\"888\" \/>\n\t<meta property=\"og:image:type\" content=\"image\/jpeg\" \/>\n<meta name=\"twitter:card\" content=\"summary_large_image\" \/>\n<meta name=\"twitter:label1\" content=\"Est. reading time\" \/>\n\t<meta name=\"twitter:data1\" content=\"1 minute\" \/>\n<script type=\"application\/ld+json\" class=\"yoast-schema-graph\">{\"@context\":\"https:\\\/\\\/schema.org\",\"@graph\":[{\"@type\":\"WebPage\",\"@id\":\"https:\\\/\\\/movingmountains.eu\\\/termin\\\/\",\"url\":\"https:\\\/\\\/movingmountains.eu\\\/termin\\\/\",\"name\":\"Termine - Moving Mountains\",\"isPartOf\":{\"@id\":\"https:\\\/\\\/movingmountains.eu\\\/en\\\/#website\"},\"primaryImageOfPage\":{\"@id\":\"https:\\\/\\\/movingmountains.eu\\\/termin\\\/#primaryimage\"},\"image\":{\"@id\":\"https:\\\/\\\/movingmountains.eu\\\/termin\\\/#primaryimage\"},\"thumbnailUrl\":\"https:\\\/\\\/movingmountains.eu\\\/wp-content\\\/uploads\\\/2024\\\/08\\\/Bildschirmfoto_12-8-2024_145629_movingmountains.eu_.jpeg\",\"datePublished\":\"2024-05-27T10:29:02+00:00\",\"dateModified\":\"2026-03-06T23:02:07+00:00\",\"description\":\"Alle Termine und Seminare von Moving Mountains im \u00dcberblick. WanderCoachings, Team Offsites, F\u00fchrungskr\u00e4fte und Teamentwicklung.\",\"breadcrumb\":{\"@id\":\"https:\\\/\\\/movingmountains.eu\\\/termin\\\/#breadcrumb\"},\"inLanguage\":\"en-US\",\"potentialAction\":[{\"@type\":\"ReadAction\",\"target\":[\"https:\\\/\\\/movingmountains.eu\\\/termin\\\/\"]}]},{\"@type\":\"ImageObject\",\"inLanguage\":\"en-US\",\"@id\":\"https:\\\/\\\/movingmountains.eu\\\/termin\\\/#primaryimage\",\"url\":\"https:\\\/\\\/movingmountains.eu\\\/wp-content\\\/uploads\\\/2024\\\/08\\\/Bildschirmfoto_12-8-2024_145629_movingmountains.eu_.jpeg\",\"contentUrl\":\"https:\\\/\\\/movingmountains.eu\\\/wp-content\\\/uploads\\\/2024\\\/08\\\/Bildschirmfoto_12-8-2024_145629_movingmountains.eu_.jpeg\",\"width\":1802,\"height\":888},{\"@type\":\"BreadcrumbList\",\"@id\":\"https:\\\/\\\/movingmountains.eu\\\/termin\\\/#breadcrumb\",\"itemListElement\":[{\"@type\":\"ListItem\",\"position\":1,\"name\":\"Startseite\",\"item\":\"https:\\\/\\\/movingmountains.eu\\\/\"},{\"@type\":\"ListItem\",\"position\":2,\"name\":\"Termine\"}]},{\"@type\":\"WebSite\",\"@id\":\"https:\\\/\\\/movingmountains.eu\\\/en\\\/#website\",\"url\":\"https:\\\/\\\/movingmountains.eu\\\/en\\\/\",\"name\":\"Moving Mountains\",\"description\":\"Transforming the world in motion.\",\"publisher\":{\"@id\":\"https:\\\/\\\/movingmountains.eu\\\/en\\\/#organization\"},\"potentialAction\":[{\"@type\":\"SearchAction\",\"target\":{\"@type\":\"EntryPoint\",\"urlTemplate\":\"https:\\\/\\\/movingmountains.eu\\\/en\\\/?s={search_term_string}\"},\"query-input\":{\"@type\":\"PropertyValueSpecification\",\"valueRequired\":true,\"valueName\":\"search_term_string\"}}],\"inLanguage\":\"en-US\"},{\"@type\":\"Organization\",\"@id\":\"https:\\\/\\\/movingmountains.eu\\\/en\\\/#organization\",\"name\":\"MovingMountains\",\"url\":\"https:\\\/\\\/movingmountains.eu\\\/en\\\/\",\"logo\":{\"@type\":\"ImageObject\",\"inLanguage\":\"en-US\",\"@id\":\"https:\\\/\\\/movingmountains.eu\\\/en\\\/#\\\/schema\\\/logo\\\/image\\\/\",\"url\":\"\",\"contentUrl\":\"\",\"caption\":\"MovingMountains\"},\"image\":{\"@id\":\"https:\\\/\\\/movingmountains.eu\\\/en\\\/#\\\/schema\\\/logo\\\/image\\\/\"},\"sameAs\":[\"https:\\\/\\\/www.facebook.com\\\/momountains\\\/\",\"https:\\\/\\\/www.instagram.com\\\/movingmountains_momo\\\/\",\"https:\\\/\\\/www.linkedin.com\\\/company\\\/movingmountains\"]}]}<\/script>\n<!-- \/ Yoast SEO plugin. -->","yoast_head_json":{"title":"Dates - Moving Mountains","description":"All Moving Mountains dates and seminars at a glance. Hiking coaching, team offsites, management and team development.","robots":{"index":"index","follow":"follow","max-snippet":"max-snippet:-1","max-image-preview":"max-image-preview:large","max-video-preview":"max-video-preview:-1"},"canonical":"https:\/\/movingmountains.eu\/en\/termin\/","og_locale":"en_US","og_type":"article","og_title":"Termine - Moving Mountains","og_description":"Alle Termine und Seminare von Moving Mountains im \u00dcberblick. WanderCoachings, Team Offsites, F\u00fchrungskr\u00e4fte und Teamentwicklung.","og_url":"https:\/\/movingmountains.eu\/en\/termin\/","og_site_name":"Moving Mountains","article_publisher":"https:\/\/www.facebook.com\/momountains\/","article_modified_time":"2026-03-06T23:02:07+00:00","og_image":[{"width":1802,"height":888,"url":"https:\/\/movingmountains.eu\/wp-content\/uploads\/2024\/08\/Bildschirmfoto_12-8-2024_145629_movingmountains.eu_.jpeg","type":"image\/jpeg"}],"twitter_card":"summary_large_image","twitter_misc":{"Est. reading time":"1 minute"},"schema":{"@context":"https:\/\/schema.org","@graph":[{"@type":"WebPage","@id":"https:\/\/movingmountains.eu\/termin\/","url":"https:\/\/movingmountains.eu\/termin\/","name":"Dates - Moving Mountains","isPartOf":{"@id":"https:\/\/movingmountains.eu\/en\/#website"},"primaryImageOfPage":{"@id":"https:\/\/movingmountains.eu\/termin\/#primaryimage"},"image":{"@id":"https:\/\/movingmountains.eu\/termin\/#primaryimage"},"thumbnailUrl":"https:\/\/movingmountains.eu\/wp-content\/uploads\/2024\/08\/Bildschirmfoto_12-8-2024_145629_movingmountains.eu_.jpeg","datePublished":"2024-05-27T10:29:02+00:00","dateModified":"2026-03-06T23:02:07+00:00","description":"All Moving Mountains dates and seminars at a glance. Hiking coaching, team offsites, management and team development.","breadcrumb":{"@id":"https:\/\/movingmountains.eu\/termin\/#breadcrumb"},"inLanguage":"en-US","potentialAction":[{"@type":"ReadAction","target":["https:\/\/movingmountains.eu\/termin\/"]}]},{"@type":"ImageObject","inLanguage":"en-US","@id":"https:\/\/movingmountains.eu\/termin\/#primaryimage","url":"https:\/\/movingmountains.eu\/wp-content\/uploads\/2024\/08\/Bildschirmfoto_12-8-2024_145629_movingmountains.eu_.jpeg","contentUrl":"https:\/\/movingmountains.eu\/wp-content\/uploads\/2024\/08\/Bildschirmfoto_12-8-2024_145629_movingmountains.eu_.jpeg","width":1802,"height":888},{"@type":"BreadcrumbList","@id":"https:\/\/movingmountains.eu\/termin\/#breadcrumb","itemListElement":[{"@type":"ListItem","position":1,"name":"Startseite","item":"https:\/\/movingmountains.eu\/"},{"@type":"ListItem","position":2,"name":"Termine"}]},{"@type":"WebSite","@id":"https:\/\/movingmountains.eu\/en\/#website","url":"https:\/\/movingmountains.eu\/en\/","name":"Moving Mountains","description":"Transforming the world in motion.","publisher":{"@id":"https:\/\/movingmountains.eu\/en\/#organization"},"potentialAction":[{"@type":"SearchAction","target":{"@type":"EntryPoint","urlTemplate":"https:\/\/movingmountains.eu\/en\/?s={search_term_string}"},"query-input":{"@type":"PropertyValueSpecification","valueRequired":true,"valueName":"search_term_string"}}],"inLanguage":"en-US"},{"@type":"Organization","@id":"https:\/\/movingmountains.eu\/en\/#organization","name":"MovingMountains","url":"https:\/\/movingmountains.eu\/en\/","logo":{"@type":"ImageObject","inLanguage":"en-US","@id":"https:\/\/movingmountains.eu\/en\/#\/schema\/logo\/image\/","url":"","contentUrl":"","caption":"MovingMountains"},"image":{"@id":"https:\/\/movingmountains.eu\/en\/#\/schema\/logo\/image\/"},"sameAs":["https:\/\/www.facebook.com\/momountains\/","https:\/\/www.instagram.com\/movingmountains_momo\/","https:\/\/www.linkedin.com\/company\/movingmountains"]}]}},"_links":{"self":[{"href":"https:\/\/movingmountains.eu\/en\/wp-json\/wp\/v2\/pages\/6140","targetHints":{"allow":["GET"]}}],"collection":[{"href":"https:\/\/movingmountains.eu\/en\/wp-json\/wp\/v2\/pages"}],"about":[{"href":"https:\/\/movingmountains.eu\/en\/wp-json\/wp\/v2\/types\/page"}],"author":[{"embeddable":true,"href":"https:\/\/movingmountains.eu\/en\/wp-json\/wp\/v2\/users\/9"}],"replies":[{"embeddable":true,"href":"https:\/\/movingmountains.eu\/en\/wp-json\/wp\/v2\/comments?post=6140"}],"version-history":[{"count":0,"href":"https:\/\/movingmountains.eu\/en\/wp-json\/wp\/v2\/pages\/6140\/revisions"}],"wp:featuredmedia":[{"embeddable":true,"href":"https:\/\/movingmountains.eu\/en\/wp-json\/wp\/v2\/media\/7223"}],"wp:attachment":[{"href":"https:\/\/movingmountains.eu\/en\/wp-json\/wp\/v2\/media?parent=6140"}],"curies":[{"name":"wp","href":"https:\/\/api.w.org\/{rel}","templated":true}]}}