{"id":6884,"date":"2024-07-30T14:53:58","date_gmt":"2024-07-30T12:53:58","guid":{"rendered":"https:\/\/movingmountains.eu\/?page_id=6884"},"modified":"2026-03-02T11:11:14","modified_gmt":"2026-03-02T10:11:14","slug":"registration-wandercoaching","status":"publish","type":"page","link":"https:\/\/movingmountains.eu\/en\/registration-wandercoaching\/","title":{"rendered":"Registration for WanderCoaching"},"content":{"rendered":"\t\t<div data-elementor-type=\"wp-post\" data-elementor-id=\"6884\" class=\"elementor elementor-6884\" data-elementor-post-type=\"page\">\n\t\t\t\t<div class=\"elementor-element elementor-element-6eae9bf e-flex e-con-boxed e-con e-parent\" data-id=\"6eae9bf\" data-element_type=\"container\" data-e-type=\"container\">\n\t\t\t\t\t<div class=\"e-con-inner\">\n\t\t<div class=\"elementor-element elementor-element-73219cf e-con-full e-flex e-con e-child\" data-id=\"73219cf\" data-element_type=\"container\" data-e-type=\"container\">\n\t\t\t\t<div class=\"elementor-element elementor-element-e1154b2 elementor-widget elementor-widget-heading\" data-id=\"e1154b2\" data-element_type=\"widget\" data-e-type=\"widget\" data-widget_type=\"heading.default\">\n\t\t\t\t<div class=\"elementor-widget-container\">\n\t\t\t\t\t<h2 class=\"elementor-heading-title elementor-size-default\">Deine Anmeldung<br>zum WanderCoaching Seminar<\/h2>\t\t\t\t<\/div>\n\t\t\t\t<\/div>\n\t\t\t\t<div class=\"elementor-element elementor-element-04a5902 elementor-widget elementor-widget-text-editor\" data-id=\"04a5902\" data-element_type=\"widget\" data-e-type=\"widget\" data-widget_type=\"text-editor.default\">\n\t\t\t\t<div class=\"elementor-widget-container\">\n\t\t\t\t\t\t\t\t\t<p>Wir finden, dass Pers\u00f6nlichkeitsentwicklung zum Leben einfach dazu geh\u00f6rt.<\/p><p>Deshalb finden alle Moving Mountains WanderCoaching Seminare zum Selbskostenpreis und auf Spendenbasis statt.\u00a0<\/p>\t\t\t\t\t\t\t\t<\/div>\n\t\t\t\t<\/div>\n\t\t\t\t<\/div>\n\t\t<div class=\"elementor-element elementor-element-e31cd9f e-con-full e-flex e-con e-child\" data-id=\"e31cd9f\" data-element_type=\"container\" data-e-type=\"container\">\n\t\t\t\t<div class=\"elementor-element elementor-element-66136f0 elementor-widget elementor-widget-image\" data-id=\"66136f0\" data-element_type=\"widget\" data-e-type=\"widget\" data-widget_type=\"image.default\">\n\t\t\t\t<div class=\"elementor-widget-container\">\n\t\t\t\t\t\t\t\t\t\t\t\t\t\t\t<img fetchpriority=\"high\" decoding=\"async\" width=\"800\" height=\"395\" src=\"https:\/\/movingmountains.eu\/wp-content\/uploads\/2024\/08\/Bildschirmfoto_12-8-2024_152426_movingmountains.eu_-1024x506.jpeg\" class=\"attachment-large size-large wp-image-7247\" alt=\"\" srcset=\"https:\/\/movingmountains.eu\/wp-content\/uploads\/2024\/08\/Bildschirmfoto_12-8-2024_152426_movingmountains.eu_-1024x506.jpeg 1024w, https:\/\/movingmountains.eu\/wp-content\/uploads\/2024\/08\/Bildschirmfoto_12-8-2024_152426_movingmountains.eu_-300x148.jpeg 300w, https:\/\/movingmountains.eu\/wp-content\/uploads\/2024\/08\/Bildschirmfoto_12-8-2024_152426_movingmountains.eu_-768x380.jpeg 768w, https:\/\/movingmountains.eu\/wp-content\/uploads\/2024\/08\/Bildschirmfoto_12-8-2024_152426_movingmountains.eu_-1536x759.jpeg 1536w, https:\/\/movingmountains.eu\/wp-content\/uploads\/2024\/08\/Bildschirmfoto_12-8-2024_152426_movingmountains.eu_-18x9.jpeg 18w, https:\/\/movingmountains.eu\/wp-content\/uploads\/2024\/08\/Bildschirmfoto_12-8-2024_152426_movingmountains.eu_-1200x593.jpeg 1200w, https:\/\/movingmountains.eu\/wp-content\/uploads\/2024\/08\/Bildschirmfoto_12-8-2024_152426_movingmountains.eu_.jpeg 1802w\" sizes=\"(max-width: 800px) 100vw, 800px\" \/>\t\t\t\t\t\t\t\t\t\t\t\t\t\t\t<\/div>\n\t\t\t\t<\/div>\n\t\t\t\t<\/div>\n\t\t\t\t\t<\/div>\n\t\t\t\t<\/div>\n\t\t<div class=\"elementor-element elementor-element-27124e4 e-flex e-con-boxed e-con e-parent\" data-id=\"27124e4\" data-element_type=\"container\" data-e-type=\"container\">\n\t\t\t\t\t<div class=\"e-con-inner\">\n\t\t\t\t<div class=\"elementor-element elementor-element-65682e7 elementor-widget elementor-widget-heading\" data-id=\"65682e7\" data-element_type=\"widget\" data-e-type=\"widget\" data-widget_type=\"heading.default\">\n\t\t\t\t<div class=\"elementor-widget-container\">\n\t\t\t\t\t<h2 class=\"elementor-heading-title elementor-size-default\">Anmeldung<\/h2>\t\t\t\t<\/div>\n\t\t\t\t<\/div>\n\t\t\t\t<div class=\"elementor-element elementor-element-84fdd3e elementor-button-align-stretch elementor-widget elementor-widget-form\" data-id=\"84fdd3e\" data-element_type=\"widget\" data-e-type=\"widget\" data-settings=\"{&quot;button_width&quot;:&quot;33&quot;,&quot;step_next_label&quot;:&quot;N\\u00e4chster&quot;,&quot;step_previous_label&quot;:&quot;Voriger&quot;,&quot;step_type&quot;:&quot;number_text&quot;,&quot;step_icon_shape&quot;:&quot;circle&quot;}\" data-widget_type=\"form.default\">\n\t\t\t\t<div class=\"elementor-widget-container\">\n\t\t\t\t\t\t\t<form class=\"elementor-form\" method=\"post\" name=\"Formular\" aria-label=\"Formular\">\n\t\t\t<input type=\"hidden\" name=\"post_id\" value=\"6884\"\/>\n\t\t\t<input type=\"hidden\" name=\"form_id\" value=\"84fdd3e\"\/>\n\t\t\t<input type=\"hidden\" name=\"referer_title\" value=\"Anmeldung | WanderCoaching mit MovingMountains\" \/>\n\n\t\t\t\t\t\t\t<input type=\"hidden\" name=\"queried_id\" value=\"6884\"\/>\n\t\t\t\n\t\t\t<div class=\"elementor-form-fields-wrapper elementor-labels-above\">\n\t\t\t\t\t\t\t\t<div class=\"elementor-field-type-text elementor-field-group elementor-column elementor-field-group-name elementor-col-100 elementor-field-required elementor-mark-required\">\n\t\t\t\t\t\t\t\t\t\t\t\t<label for=\"form-field-name\" class=\"elementor-field-label\">\n\t\t\t\t\t\t\t\tDamit wir dich kennenlernen und erreichen k\u00f6nnen\t\t\t\t\t\t\t<\/label>\n\t\t\t\t\t\t\t\t\t\t\t\t\t\t<input size=\"1\" type=\"text\" name=\"form_fields[name]\" id=\"form-field-name\" class=\"elementor-field elementor-size-sm  elementor-field-textual\" placeholder=\"Vorname *\" required=\"required\">\n\t\t\t\t\t\t\t\t\t\t\t<\/div>\n\t\t\t\t\t\t\t\t<div class=\"elementor-field-type-text elementor-field-group elementor-column elementor-field-group-2c69058 elementor-col-100 elementor-field-required elementor-mark-required\">\n\t\t\t\t\t\t\t\t\t\t\t\t\t<input size=\"1\" type=\"text\" name=\"form_fields[2c69058]\" id=\"form-field-2c69058\" class=\"elementor-field elementor-size-sm  elementor-field-textual\" placeholder=\"Name *\" required=\"required\">\n\t\t\t\t\t\t\t\t\t\t\t<\/div>\n\t\t\t\t\t\t\t\t<div class=\"elementor-field-type-email elementor-field-group elementor-column elementor-field-group-d77f881 elementor-col-100 elementor-field-required elementor-mark-required\">\n\t\t\t\t\t\t\t\t\t\t\t\t\t<input size=\"1\" type=\"email\" name=\"form_fields[d77f881]\" id=\"form-field-d77f881\" class=\"elementor-field elementor-size-sm  elementor-field-textual\" placeholder=\"E-Mail *\" required=\"required\">\n\t\t\t\t\t\t\t\t\t\t\t<\/div>\n\t\t\t\t\t\t\t\t<div class=\"elementor-field-type-text elementor-field-group elementor-column elementor-field-group-field_4dac706 elementor-col-100\">\n\t\t\t\t\t\t\t\t\t\t\t\t\t<input size=\"1\" type=\"text\" name=\"form_fields[field_4dac706]\" id=\"form-field-field_4dac706\" class=\"elementor-field elementor-size-sm  elementor-field-textual\" placeholder=\"Telefonnummer\">\n\t\t\t\t\t\t\t\t\t\t\t<\/div>\n\t\t\t\t\t\t\t\t<div class=\"elementor-field-type-radio elementor-field-group elementor-column elementor-field-group-field_6f05291 elementor-col-100\">\n\t\t\t\t\t\t\t\t\t\t\t\t<label for=\"form-field-field_6f05291\" class=\"elementor-field-label\">\n\t\t\t\t\t\t\t\tDeine Terminwahl zum Grundbetrag*\t\t\t\t\t\t\t<\/label>\n\t\t\t\t\t\t<div class=\"elementor-field-subgroup  elementor-subgroup-inline\"><span class=\"elementor-field-option\"><input type=\"radio\" value=\"01.-04.08.2026\" id=\"form-field-field_6f05291-0\" name=\"form_fields[field_6f05291]\"> <label for=\"form-field-field_6f05291-0\">01.-04.08.2026<\/label><\/span><span class=\"elementor-field-option\"><input type=\"radio\" value=\"05.-08.09.2026\" id=\"form-field-field_6f05291-1\" name=\"form_fields[field_6f05291]\"> <label for=\"form-field-field_6f05291-1\">05.-08.09.2026<\/label><\/span><\/div>\t\t\t\t<\/div>\n\t\t\t\t\t\t\t\t<div class=\"elementor-field-type-text elementor-field-group elementor-column elementor-field-group-25497a1 elementor-col-100\">\n\t\t\t\t\t\t\t\t\t\t\t\t\t<input size=\"1\" type=\"text\" name=\"form_fields[25497a1]\" id=\"form-field-25497a1\" class=\"elementor-field elementor-size-sm  elementor-field-textual\" placeholder=\"Gutschein-Code\">\n\t\t\t\t\t\t\t\t\t\t\t<\/div>\n\t\t\t\t\t\t\t\t<div class=\"elementor-field-type-text elementor-field-group elementor-column elementor-field-group-field_774ac1e elementor-col-100\">\n\t\t\t\t\t\t\t\t\t\t\t\t<label for=\"form-field-field_774ac1e\" class=\"elementor-field-label\">\n\t\t\t\t\t\t\t\tDeine Anschrift f\u00fcr die Rechnung (Grundbeitrag):\t\t\t\t\t\t\t<\/label>\n\t\t\t\t\t\t\t\t\t\t\t\t\t\t<input size=\"1\" type=\"text\" name=\"form_fields[field_774ac1e]\" id=\"form-field-field_774ac1e\" class=\"elementor-field elementor-size-sm  elementor-field-textual\" placeholder=\"Firma\">\n\t\t\t\t\t\t\t\t\t\t\t<\/div>\n\t\t\t\t\t\t\t\t<div class=\"elementor-field-type-text elementor-field-group elementor-column elementor-field-group-field_56a5ecd elementor-col-100 elementor-field-required elementor-mark-required\">\n\t\t\t\t\t\t\t\t\t\t\t\t\t<input size=\"1\" type=\"text\" name=\"form_fields[field_56a5ecd]\" id=\"form-field-field_56a5ecd\" class=\"elementor-field elementor-size-sm  elementor-field-textual\" placeholder=\"Strasse &amp; Haus-Nr. *\" required=\"required\">\n\t\t\t\t\t\t\t\t\t\t\t<\/div>\n\t\t\t\t\t\t\t\t<div class=\"elementor-field-type-text elementor-field-group elementor-column elementor-field-group-f7c4b0d elementor-col-100 elementor-field-required elementor-mark-required\">\n\t\t\t\t\t\t\t\t\t\t\t\t\t<input size=\"1\" type=\"text\" name=\"form_fields[f7c4b0d]\" id=\"form-field-f7c4b0d\" class=\"elementor-field elementor-size-sm  elementor-field-textual\" placeholder=\"PLZ *\" required=\"required\">\n\t\t\t\t\t\t\t\t\t\t\t<\/div>\n\t\t\t\t\t\t\t\t<div class=\"elementor-field-type-text elementor-field-group elementor-column elementor-field-group-ccca8a0 elementor-col-100 elementor-field-required elementor-mark-required\">\n\t\t\t\t\t\t\t\t\t\t\t\t\t<input size=\"1\" type=\"text\" name=\"form_fields[ccca8a0]\" id=\"form-field-ccca8a0\" class=\"elementor-field elementor-size-sm  elementor-field-textual\" placeholder=\"Ort *\" required=\"required\">\n\t\t\t\t\t\t\t\t\t\t\t<\/div>\n\t\t\t\t\t\t\t\t<div class=\"elementor-field-type-text elementor-field-group elementor-column elementor-field-group-field_18308ec elementor-col-100\">\n\t\t\t\t\t\t\t\t\t\t\t\t<label for=\"form-field-field_18308ec\" class=\"elementor-field-label\">\n\t\t\t\t\t\t\t\tWas wir noch \u00fcber dich wissen sollten\t\t\t\t\t\t\t<\/label>\n\t\t\t\t\t\t\t\t\t\t\t\t\t\t<input size=\"1\" type=\"text\" name=\"form_fields[field_18308ec]\" id=\"form-field-field_18308ec\" class=\"elementor-field elementor-size-sm  elementor-field-textual\" placeholder=\"Aufmerksam geworden durch\">\n\t\t\t\t\t\t\t\t\t\t\t<\/div>\n\t\t\t\t\t\t\t\t<div class=\"elementor-field-type-textarea elementor-field-group elementor-column elementor-field-group-1cec470 elementor-col-100\">\n\t\t\t\t\t<textarea class=\"elementor-field-textual elementor-field  elementor-size-sm\" name=\"form_fields[1cec470]\" id=\"form-field-1cec470\" rows=\"4\" placeholder=\"Pers\u00f6nliche Nachricht\"><\/textarea>\t\t\t\t<\/div>\n\t\t\t\t\t\t\t\t<div class=\"elementor-field-type-acceptance elementor-field-group elementor-column elementor-field-group-6d1fd7d elementor-col-100 elementor-field-required elementor-mark-required\">\n\t\t\t\t\t\t\t\t\t\t\t\t<label for=\"form-field-6d1fd7d\" class=\"elementor-field-label\">\n\t\t\t\t\t\t\t\tEinverst\u00e4ndniserkl\u00e4rung\t\t\t\t\t\t\t<\/label>\n\t\t\t\t\t\t\t\t<div class=\"elementor-field-subgroup\">\n\t\t\t<span class=\"elementor-field-option\">\n\t\t\t\t<input type=\"checkbox\" name=\"form_fields[6d1fd7d]\" id=\"form-field-6d1fd7d\" class=\"elementor-field elementor-size-sm  elementor-acceptance-field\" required=\"required\">\n\t\t\t\t<label for=\"form-field-6d1fd7d\">Ich bin mit den <a href=\"https:\/\/movingmountains.eu\/datenschutz\" target=\"_blank\">Datenschutzbestimmungen <\/a> einverstanden.\n<\/label>\t\t\t<\/span>\n\t\t<\/div>\n\t\t\t\t\t\t<\/div>\n\t\t\t\t\t\t\t\t<div class=\"elementor-field-type-acceptance elementor-field-group elementor-column elementor-field-group-6b29ae9 elementor-col-100 elementor-field-required elementor-mark-required\">\n\t\t\t\t\t\t\t<div class=\"elementor-field-subgroup\">\n\t\t\t<span class=\"elementor-field-option\">\n\t\t\t\t<input type=\"checkbox\" name=\"form_fields[6b29ae9]\" id=\"form-field-6b29ae9\" class=\"elementor-field elementor-size-sm  elementor-acceptance-field\" required=\"required\">\n\t\t\t\t<label for=\"form-field-6b29ae9\">Ich habe die <a href=\"https:\/\/movingmountains.eu\/agb\" target=\"_blank\"> Allgemeinen Gesch\u00e4ftsbedingungen <\/a>zur Kenntnis genommen.<\/label>\t\t\t<\/span>\n\t\t<\/div>\n\t\t\t\t\t\t<\/div>\n\t\t\t\t\t\t\t\t<div class=\"elementor-field-group elementor-column elementor-field-type-submit elementor-col-33 e-form__buttons\">\n\t\t\t\t\t<button class=\"elementor-button elementor-size-sm\" type=\"submit\">\n\t\t\t\t\t\t<span class=\"elementor-button-content-wrapper\">\n\t\t\t\t\t\t\t\t\t\t\t\t\t\t\t\t\t\t\t\t\t\t<span class=\"elementor-button-text\">Auf die Warteliste setzen lassen<\/span>\n\t\t\t\t\t\t\t\t\t\t\t\t\t<\/span>\n\t\t\t\t\t<\/button>\n\t\t\t\t<\/div>\n\t\t\t<\/div>\n\t\t<\/form>\n\t\t\t\t\t\t<\/div>\n\t\t\t\t<\/div>\n\t\t\t\t<div class=\"elementor-element elementor-element-d9487a4 elementor-widget elementor-widget-text-editor\" data-id=\"d9487a4\" data-element_type=\"widget\" data-e-type=\"widget\" data-widget_type=\"text-editor.default\">\n\t\t\t\t<div class=\"elementor-widget-container\">\n\t\t\t\t\t\t\t\t\t<p>*) Der Grundbeitrag von 480\u20ac versteht sich inkl. MwSt und ist nicht erstattbar. Es kommen weitere Kosten f\u00fcr deine Anreise, Verpflegung und \u00dcbernachtung auf den H\u00fctten hinzu. Am Ende des Seminars hast du die M\u00f6glichkeit, einen freiwillig gew\u00e4hlten Betrag als Honorar f\u00fcr deine Coaches zu spenden.<\/p>\t\t\t\t\t\t\t\t<\/div>\n\t\t\t\t<\/div>\n\t\t\t\t\t<\/div>\n\t\t\t\t<\/div>\n\t\t\t\t<\/div>\n\t\t","protected":false},"excerpt":{"rendered":"<p>Deine Anmeldungzum WanderCoaching Seminar Wir finden, dass Pers\u00f6nlichkeitsentwicklung zum Leben einfach dazu geh\u00f6rt. Deshalb finden alle Moving Mountains WanderCoaching Seminare zum Selbskostenpreis und auf Spendenbasis statt.\u00a0 Anmeldung *) Der Grundbeitrag von 480\u20ac versteht sich inkl. MwSt und ist nicht erstattbar. Es kommen weitere Kosten f\u00fcr deine Anreise, Verpflegung und \u00dcbernachtung auf den H\u00fctten hinzu. Am [&hellip;]<\/p>\n","protected":false},"author":1,"featured_media":0,"parent":0,"menu_order":0,"comment_status":"closed","ping_status":"closed","template":"elementor_header_footer","meta":{"inline_featured_image":false,"footnotes":""},"class_list":["post-6884","page","type-page","status-publish","hentry"],"yoast_head":"<!-- This site is optimized with the Yoast SEO plugin v27.3 - https:\/\/yoast.com\/product\/yoast-seo-wordpress\/ -->\n<title>Anmeldung | WanderCoaching mit MovingMountains<\/title>\n<meta name=\"description\" content=\"Nur noch ein Schritt bist zum WanderCoaching von H\u00fctte zu H\u00fctte mit Moving Mountains. Wir freuen uns \u00fcber deine Anmeldung.\" \/>\n<meta name=\"robots\" content=\"index, follow, max-snippet:-1, max-image-preview:large, max-video-preview:-1\" \/>\n<link rel=\"canonical\" href=\"https:\/\/movingmountains.eu\/en\/registration-wandercoaching\/\" \/>\n<meta property=\"og:locale\" content=\"en_US\" \/>\n<meta property=\"og:type\" content=\"article\" \/>\n<meta property=\"og:title\" content=\"Anmeldung | WanderCoaching mit MovingMountains\" \/>\n<meta property=\"og:description\" content=\"Nur noch ein Schritt bist zum WanderCoaching von H\u00fctte zu H\u00fctte mit Moving Mountains. Wir freuen uns \u00fcber deine Anmeldung.\" \/>\n<meta property=\"og:url\" content=\"https:\/\/movingmountains.eu\/en\/registration-wandercoaching\/\" \/>\n<meta property=\"og:site_name\" content=\"Moving Mountains\" \/>\n<meta property=\"article:publisher\" content=\"https:\/\/www.facebook.com\/momountains\/\" \/>\n<meta property=\"article:modified_time\" content=\"2026-03-02T10:11:14+00:00\" \/>\n<meta property=\"og:image\" content=\"https:\/\/movingmountains.eu\/wp-content\/uploads\/2024\/08\/Bildschirmfoto_12-8-2024_152426_movingmountains.eu_.jpeg\" \/>\n\t<meta property=\"og:image:width\" content=\"1802\" \/>\n\t<meta property=\"og:image:height\" content=\"891\" \/>\n\t<meta property=\"og:image:type\" content=\"image\/jpeg\" \/>\n<meta name=\"twitter:card\" content=\"summary_large_image\" \/>\n<meta name=\"twitter:label1\" content=\"Est. reading time\" \/>\n\t<meta name=\"twitter:data1\" content=\"1 minute\" \/>\n<script type=\"application\/ld+json\" class=\"yoast-schema-graph\">{\"@context\":\"https:\\\/\\\/schema.org\",\"@graph\":[{\"@type\":\"WebPage\",\"@id\":\"https:\\\/\\\/movingmountains.eu\\\/anmeldung-wandercoaching\\\/\",\"url\":\"https:\\\/\\\/movingmountains.eu\\\/anmeldung-wandercoaching\\\/\",\"name\":\"Anmeldung | WanderCoaching mit MovingMountains\",\"isPartOf\":{\"@id\":\"https:\\\/\\\/movingmountains.eu\\\/en\\\/#website\"},\"primaryImageOfPage\":{\"@id\":\"https:\\\/\\\/movingmountains.eu\\\/anmeldung-wandercoaching\\\/#primaryimage\"},\"image\":{\"@id\":\"https:\\\/\\\/movingmountains.eu\\\/anmeldung-wandercoaching\\\/#primaryimage\"},\"thumbnailUrl\":\"https:\\\/\\\/movingmountains.eu\\\/wp-content\\\/uploads\\\/2024\\\/08\\\/Bildschirmfoto_12-8-2024_152426_movingmountains.eu_-1024x506.jpeg\",\"datePublished\":\"2024-07-30T12:53:58+00:00\",\"dateModified\":\"2026-03-02T10:11:14+00:00\",\"description\":\"Nur noch ein Schritt bist zum WanderCoaching von H\u00fctte zu H\u00fctte mit Moving Mountains. Wir freuen uns \u00fcber deine Anmeldung.\",\"breadcrumb\":{\"@id\":\"https:\\\/\\\/movingmountains.eu\\\/anmeldung-wandercoaching\\\/#breadcrumb\"},\"inLanguage\":\"en-US\",\"potentialAction\":[{\"@type\":\"ReadAction\",\"target\":[\"https:\\\/\\\/movingmountains.eu\\\/anmeldung-wandercoaching\\\/\"]}]},{\"@type\":\"ImageObject\",\"inLanguage\":\"en-US\",\"@id\":\"https:\\\/\\\/movingmountains.eu\\\/anmeldung-wandercoaching\\\/#primaryimage\",\"url\":\"https:\\\/\\\/movingmountains.eu\\\/wp-content\\\/uploads\\\/2024\\\/08\\\/Bildschirmfoto_12-8-2024_152426_movingmountains.eu_-1024x506.jpeg\",\"contentUrl\":\"https:\\\/\\\/movingmountains.eu\\\/wp-content\\\/uploads\\\/2024\\\/08\\\/Bildschirmfoto_12-8-2024_152426_movingmountains.eu_-1024x506.jpeg\"},{\"@type\":\"BreadcrumbList\",\"@id\":\"https:\\\/\\\/movingmountains.eu\\\/anmeldung-wandercoaching\\\/#breadcrumb\",\"itemListElement\":[{\"@type\":\"ListItem\",\"position\":1,\"name\":\"Startseite\",\"item\":\"https:\\\/\\\/movingmountains.eu\\\/\"},{\"@type\":\"ListItem\",\"position\":2,\"name\":\"Anmeldung zum WanderCoaching\"}]},{\"@type\":\"WebSite\",\"@id\":\"https:\\\/\\\/movingmountains.eu\\\/en\\\/#website\",\"url\":\"https:\\\/\\\/movingmountains.eu\\\/en\\\/\",\"name\":\"Moving Mountains\",\"description\":\"Transforming the world in motion.\",\"publisher\":{\"@id\":\"https:\\\/\\\/movingmountains.eu\\\/en\\\/#organization\"},\"potentialAction\":[{\"@type\":\"SearchAction\",\"target\":{\"@type\":\"EntryPoint\",\"urlTemplate\":\"https:\\\/\\\/movingmountains.eu\\\/en\\\/?s={search_term_string}\"},\"query-input\":{\"@type\":\"PropertyValueSpecification\",\"valueRequired\":true,\"valueName\":\"search_term_string\"}}],\"inLanguage\":\"en-US\"},{\"@type\":\"Organization\",\"@id\":\"https:\\\/\\\/movingmountains.eu\\\/en\\\/#organization\",\"name\":\"MovingMountains\",\"url\":\"https:\\\/\\\/movingmountains.eu\\\/en\\\/\",\"logo\":{\"@type\":\"ImageObject\",\"inLanguage\":\"en-US\",\"@id\":\"https:\\\/\\\/movingmountains.eu\\\/en\\\/#\\\/schema\\\/logo\\\/image\\\/\",\"url\":\"\",\"contentUrl\":\"\",\"caption\":\"MovingMountains\"},\"image\":{\"@id\":\"https:\\\/\\\/movingmountains.eu\\\/en\\\/#\\\/schema\\\/logo\\\/image\\\/\"},\"sameAs\":[\"https:\\\/\\\/www.facebook.com\\\/momountains\\\/\",\"https:\\\/\\\/www.instagram.com\\\/movingmountains_momo\\\/\",\"https:\\\/\\\/www.linkedin.com\\\/company\\\/movingmountains\"]}]}<\/script>\n<!-- \/ Yoast SEO plugin. -->","yoast_head_json":{"title":"Registration | HikingCoaching with MovingMountains","description":"It's just one step to HikingCoaching from hut to hut with Moving Mountains. We look forward to your registration.","robots":{"index":"index","follow":"follow","max-snippet":"max-snippet:-1","max-image-preview":"max-image-preview:large","max-video-preview":"max-video-preview:-1"},"canonical":"https:\/\/movingmountains.eu\/en\/registration-wandercoaching\/","og_locale":"en_US","og_type":"article","og_title":"Anmeldung | WanderCoaching mit MovingMountains","og_description":"Nur noch ein Schritt bist zum WanderCoaching von H\u00fctte zu H\u00fctte mit Moving Mountains. Wir freuen uns \u00fcber deine Anmeldung.","og_url":"https:\/\/movingmountains.eu\/en\/registration-wandercoaching\/","og_site_name":"Moving Mountains","article_publisher":"https:\/\/www.facebook.com\/momountains\/","article_modified_time":"2026-03-02T10:11:14+00:00","og_image":[{"width":1802,"height":891,"url":"https:\/\/movingmountains.eu\/wp-content\/uploads\/2024\/08\/Bildschirmfoto_12-8-2024_152426_movingmountains.eu_.jpeg","type":"image\/jpeg"}],"twitter_card":"summary_large_image","twitter_misc":{"Est. reading time":"1 minute"},"schema":{"@context":"https:\/\/schema.org","@graph":[{"@type":"WebPage","@id":"https:\/\/movingmountains.eu\/anmeldung-wandercoaching\/","url":"https:\/\/movingmountains.eu\/anmeldung-wandercoaching\/","name":"Registration | HikingCoaching with MovingMountains","isPartOf":{"@id":"https:\/\/movingmountains.eu\/en\/#website"},"primaryImageOfPage":{"@id":"https:\/\/movingmountains.eu\/anmeldung-wandercoaching\/#primaryimage"},"image":{"@id":"https:\/\/movingmountains.eu\/anmeldung-wandercoaching\/#primaryimage"},"thumbnailUrl":"https:\/\/movingmountains.eu\/wp-content\/uploads\/2024\/08\/Bildschirmfoto_12-8-2024_152426_movingmountains.eu_-1024x506.jpeg","datePublished":"2024-07-30T12:53:58+00:00","dateModified":"2026-03-02T10:11:14+00:00","description":"It's just one step to HikingCoaching from hut to hut with Moving Mountains. We look forward to your registration.","breadcrumb":{"@id":"https:\/\/movingmountains.eu\/anmeldung-wandercoaching\/#breadcrumb"},"inLanguage":"en-US","potentialAction":[{"@type":"ReadAction","target":["https:\/\/movingmountains.eu\/anmeldung-wandercoaching\/"]}]},{"@type":"ImageObject","inLanguage":"en-US","@id":"https:\/\/movingmountains.eu\/anmeldung-wandercoaching\/#primaryimage","url":"https:\/\/movingmountains.eu\/wp-content\/uploads\/2024\/08\/Bildschirmfoto_12-8-2024_152426_movingmountains.eu_-1024x506.jpeg","contentUrl":"https:\/\/movingmountains.eu\/wp-content\/uploads\/2024\/08\/Bildschirmfoto_12-8-2024_152426_movingmountains.eu_-1024x506.jpeg"},{"@type":"BreadcrumbList","@id":"https:\/\/movingmountains.eu\/anmeldung-wandercoaching\/#breadcrumb","itemListElement":[{"@type":"ListItem","position":1,"name":"Startseite","item":"https:\/\/movingmountains.eu\/"},{"@type":"ListItem","position":2,"name":"Anmeldung zum WanderCoaching"}]},{"@type":"WebSite","@id":"https:\/\/movingmountains.eu\/en\/#website","url":"https:\/\/movingmountains.eu\/en\/","name":"Moving Mountains","description":"Transforming the world in motion.","publisher":{"@id":"https:\/\/movingmountains.eu\/en\/#organization"},"potentialAction":[{"@type":"SearchAction","target":{"@type":"EntryPoint","urlTemplate":"https:\/\/movingmountains.eu\/en\/?s={search_term_string}"},"query-input":{"@type":"PropertyValueSpecification","valueRequired":true,"valueName":"search_term_string"}}],"inLanguage":"en-US"},{"@type":"Organization","@id":"https:\/\/movingmountains.eu\/en\/#organization","name":"MovingMountains","url":"https:\/\/movingmountains.eu\/en\/","logo":{"@type":"ImageObject","inLanguage":"en-US","@id":"https:\/\/movingmountains.eu\/en\/#\/schema\/logo\/image\/","url":"","contentUrl":"","caption":"MovingMountains"},"image":{"@id":"https:\/\/movingmountains.eu\/en\/#\/schema\/logo\/image\/"},"sameAs":["https:\/\/www.facebook.com\/momountains\/","https:\/\/www.instagram.com\/movingmountains_momo\/","https:\/\/www.linkedin.com\/company\/movingmountains"]}]}},"_links":{"self":[{"href":"https:\/\/movingmountains.eu\/en\/wp-json\/wp\/v2\/pages\/6884","targetHints":{"allow":["GET"]}}],"collection":[{"href":"https:\/\/movingmountains.eu\/en\/wp-json\/wp\/v2\/pages"}],"about":[{"href":"https:\/\/movingmountains.eu\/en\/wp-json\/wp\/v2\/types\/page"}],"author":[{"embeddable":true,"href":"https:\/\/movingmountains.eu\/en\/wp-json\/wp\/v2\/users\/1"}],"replies":[{"embeddable":true,"href":"https:\/\/movingmountains.eu\/en\/wp-json\/wp\/v2\/comments?post=6884"}],"version-history":[{"count":0,"href":"https:\/\/movingmountains.eu\/en\/wp-json\/wp\/v2\/pages\/6884\/revisions"}],"wp:attachment":[{"href":"https:\/\/movingmountains.eu\/en\/wp-json\/wp\/v2\/media?parent=6884"}],"curies":[{"name":"wp","href":"https:\/\/api.w.org\/{rel}","templated":true}]}}