{"id":6937,"date":"2024-07-30T17:17:59","date_gmt":"2024-07-30T15:17:59","guid":{"rendered":"https:\/\/movingmountains.eu\/?page_id=6937"},"modified":"2026-03-07T00:03:33","modified_gmt":"2026-03-06T23:03:33","slug":"registration-leadership-development-intensive","status":"publish","type":"page","link":"https:\/\/movingmountains.eu\/en\/registration-leadership-development-intensive\/","title":{"rendered":"Registration for the Leadership Development Intensive"},"content":{"rendered":"\t\t<div data-elementor-type=\"wp-post\" data-elementor-id=\"6937\" class=\"elementor elementor-6937\" data-elementor-post-type=\"page\">\n\t\t\t\t<div class=\"elementor-element elementor-element-6eae9bf e-flex e-con-boxed e-con e-parent\" data-id=\"6eae9bf\" data-element_type=\"container\" data-e-type=\"container\">\n\t\t\t\t\t<div class=\"e-con-inner\">\n\t\t<div class=\"elementor-element elementor-element-73219cf e-con-full e-flex e-con e-child\" data-id=\"73219cf\" data-element_type=\"container\" data-e-type=\"container\">\n\t\t\t\t<div class=\"elementor-element elementor-element-e1154b2 elementor-widget elementor-widget-heading\" data-id=\"e1154b2\" data-element_type=\"widget\" data-e-type=\"widget\" data-widget_type=\"heading.default\">\n\t\t\t\t<div class=\"elementor-widget-container\">\n\t\t\t\t\t<h2 class=\"elementor-heading-title elementor-size-default\">Deine Anmeldung<br>zum Leadership Development Intensive<\/h2>\t\t\t\t<\/div>\n\t\t\t\t<\/div>\n\t\t\t\t<div class=\"elementor-element elementor-element-04a5902 elementor-widget elementor-widget-text-editor\" data-id=\"04a5902\" data-element_type=\"widget\" data-e-type=\"widget\" data-widget_type=\"text-editor.default\">\n\t\t\t\t<div class=\"elementor-widget-container\">\n\t\t\t\t\t\t\t\t\t<p>Wir finden, dass Pers\u00f6nlichkeitsentwicklung zum Leben einfach dazu geh\u00f6rt. Deshalb haben wir f\u00fcr alle MovingMountains &#8222;LDI&#8220; Seminare einen &#8222;Fund&#8220; eingerichtet. Mehr erfahren.\u00a0<\/p><p>Bitte nimm dir einen Moment Zeit deinen Namen und Anschrift f\u00fcr uns zu hinterlegen.<\/p><p>Hier findest du die Anmeldung.<\/p>\t\t\t\t\t\t\t\t<\/div>\n\t\t\t\t<\/div>\n\t\t\t\t<\/div>\n\t\t<div class=\"elementor-element elementor-element-e31cd9f e-con-full e-flex e-con e-child\" data-id=\"e31cd9f\" data-element_type=\"container\" data-e-type=\"container\">\n\t\t\t\t<div class=\"elementor-element elementor-element-66136f0 elementor-widget elementor-widget-image\" data-id=\"66136f0\" data-element_type=\"widget\" data-e-type=\"widget\" data-widget_type=\"image.default\">\n\t\t\t\t<div class=\"elementor-widget-container\">\n\t\t\t\t\t\t\t\t\t\t\t\t\t\t\t<img fetchpriority=\"high\" decoding=\"async\" width=\"480\" height=\"360\" src=\"https:\/\/movingmountains.eu\/wp-content\/uploads\/2024\/03\/workshop-people-ldi-2.jpeg\" class=\"attachment-large size-large wp-image-5588\" alt=\"\" srcset=\"https:\/\/movingmountains.eu\/wp-content\/uploads\/2024\/03\/workshop-people-ldi-2.jpeg 480w, https:\/\/movingmountains.eu\/wp-content\/uploads\/2024\/03\/workshop-people-ldi-2-300x225.jpeg 300w, https:\/\/movingmountains.eu\/wp-content\/uploads\/2024\/03\/workshop-people-ldi-2-16x12.jpeg 16w\" sizes=\"(max-width: 480px) 100vw, 480px\" \/>\t\t\t\t\t\t\t\t\t\t\t\t\t\t\t<\/div>\n\t\t\t\t<\/div>\n\t\t\t\t<\/div>\n\t\t\t\t\t<\/div>\n\t\t\t\t<\/div>\n\t\t<div class=\"elementor-element elementor-element-9414615 e-flex e-con-boxed e-con e-parent\" data-id=\"9414615\" data-element_type=\"container\" data-e-type=\"container\">\n\t\t\t\t\t<div class=\"e-con-inner\">\n\t\t\t\t<div class=\"elementor-element elementor-element-ece5bfc elementor-widget elementor-widget-heading\" data-id=\"ece5bfc\" data-element_type=\"widget\" data-e-type=\"widget\" data-widget_type=\"heading.default\">\n\t\t\t\t<div class=\"elementor-widget-container\">\n\t\t\t\t\t<h2 class=\"elementor-heading-title elementor-size-default\">Anmeldung<\/h2>\t\t\t\t<\/div>\n\t\t\t\t<\/div>\n\t\t\t\t<div class=\"elementor-element elementor-element-975f0dc elementor-widget elementor-widget-text-editor\" data-id=\"975f0dc\" data-element_type=\"widget\" data-e-type=\"widget\" data-widget_type=\"text-editor.default\">\n\t\t\t\t<div class=\"elementor-widget-container\">\n\t\t\t\t\t\t\t\t\t<p>*) Die Preise verstehen sich zzgl. Reise,- Verpflegungs- und \u00dcbernachtungskosten.<\/p>\t\t\t\t\t\t\t\t<\/div>\n\t\t\t\t<\/div>\n\t\t\t\t<div class=\"elementor-element elementor-element-c2f9c5c elementor-button-align-stretch elementor-widget elementor-widget-form\" data-id=\"c2f9c5c\" data-element_type=\"widget\" data-e-type=\"widget\" data-settings=\"{&quot;button_width&quot;:&quot;33&quot;,&quot;step_next_label&quot;:&quot;N\\u00e4chster&quot;,&quot;step_previous_label&quot;:&quot;Voriger&quot;,&quot;step_type&quot;:&quot;number_text&quot;,&quot;step_icon_shape&quot;:&quot;circle&quot;}\" data-widget_type=\"form.default\">\n\t\t\t\t<div class=\"elementor-widget-container\">\n\t\t\t\t\t\t\t<form class=\"elementor-form\" method=\"post\" name=\"Formular\" aria-label=\"Formular\" novalidate=\"\">\n\t\t\t<input type=\"hidden\" name=\"post_id\" value=\"6937\"\/>\n\t\t\t<input type=\"hidden\" name=\"form_id\" value=\"c2f9c5c\"\/>\n\t\t\t<input type=\"hidden\" name=\"referer_title\" value=\"Anmeldung | Leadership Development mit Moving Mountains\" \/>\n\n\t\t\t\t\t\t\t<input type=\"hidden\" name=\"queried_id\" value=\"6937\"\/>\n\t\t\t\n\t\t\t<div class=\"elementor-form-fields-wrapper elementor-labels-above\">\n\t\t\t\t\t\t\t\t<div class=\"elementor-field-type-text elementor-field-group elementor-column elementor-field-group-name elementor-col-100 elementor-field-required elementor-mark-required\">\n\t\t\t\t\t\t\t\t\t\t\t\t<label for=\"form-field-name\" class=\"elementor-field-label\">\n\t\t\t\t\t\t\t\tDamit wir dich kennenlernen und erreichen k\u00f6nnen\t\t\t\t\t\t\t<\/label>\n\t\t\t\t\t\t\t\t\t\t\t\t\t\t<input size=\"1\" type=\"text\" name=\"form_fields[name]\" id=\"form-field-name\" class=\"elementor-field elementor-size-sm  elementor-field-textual\" placeholder=\"Vorname *\" required=\"required\">\n\t\t\t\t\t\t\t\t\t\t\t<\/div>\n\t\t\t\t\t\t\t\t<div class=\"elementor-field-type-text elementor-field-group elementor-column elementor-field-group-lastname elementor-col-100 elementor-field-required elementor-mark-required\">\n\t\t\t\t\t\t\t\t\t\t\t\t\t<input size=\"1\" type=\"text\" name=\"form_fields[lastname]\" id=\"form-field-lastname\" class=\"elementor-field elementor-size-sm  elementor-field-textual\" placeholder=\"Name *\" required=\"required\">\n\t\t\t\t\t\t\t\t\t\t\t<\/div>\n\t\t\t\t\t\t\t\t<div class=\"elementor-field-type-email elementor-field-group elementor-column elementor-field-group-email elementor-col-100 elementor-field-required elementor-mark-required\">\n\t\t\t\t\t\t\t\t\t\t\t\t\t<input size=\"1\" type=\"email\" name=\"form_fields[email]\" id=\"form-field-email\" class=\"elementor-field elementor-size-sm  elementor-field-textual\" placeholder=\"E-Mail *\" required=\"required\">\n\t\t\t\t\t\t\t\t\t\t\t<\/div>\n\t\t\t\t\t\t\t\t<div class=\"elementor-field-type-text elementor-field-group elementor-column elementor-field-group-tel elementor-col-100\">\n\t\t\t\t\t\t\t\t\t\t\t\t\t<input size=\"1\" type=\"text\" name=\"form_fields[tel]\" id=\"form-field-tel\" class=\"elementor-field elementor-size-sm  elementor-field-textual\" placeholder=\"Telefonnummer\">\n\t\t\t\t\t\t\t\t\t\t\t<\/div>\n\t\t\t\t\t\t\t\t<div class=\"elementor-field-type-radio elementor-field-group elementor-column elementor-field-group-seminar elementor-col-100 elementor-field-required elementor-mark-required\">\n\t\t\t\t\t\t\t\t\t\t\t\t<label for=\"form-field-seminar\" class=\"elementor-field-label\">\n\t\t\t\t\t\t\t\tDeine Terminwahl\t\t\t\t\t\t\t<\/label>\n\t\t\t\t\t\t<div class=\"elementor-field-subgroup  \"><span class=\"elementor-field-option\"><input type=\"radio\" value=\"Leadership Development Intensive, Bayer. Alpen 21.-24.09.2026 (EN)\" id=\"form-field-seminar-0\" name=\"form_fields[seminar]\" required=\"required\"> <label for=\"form-field-seminar-0\">Leadership Development Intensive, Bayer. Alpen 21.-24.09.2026 (EN)<\/label><\/span><\/div>\t\t\t\t<\/div>\n\t\t\t\t\t\t\t\t<div class=\"elementor-field-type-radio elementor-field-group elementor-column elementor-field-group-price elementor-col-100 elementor-field-required elementor-mark-required\">\n\t\t\t\t\t\t\t\t\t\t\t\t<label for=\"form-field-price\" class=\"elementor-field-label\">\n\t\t\t\t\t\t\t\tPreiskategorie\t\t\t\t\t\t\t<\/label>\n\t\t\t\t\t\t<div class=\"elementor-field-subgroup  \"><span class=\"elementor-field-option\"><input type=\"radio\" value=\"Business \/\/ 3.900 \u20ac zzgl. MWst.\" id=\"form-field-price-0\" name=\"form_fields[price]\" required=\"required\"> <label for=\"form-field-price-0\">Business \/\/ 3.900 \u20ac zzgl. MWst.<\/label><\/span><span class=\"elementor-field-option\"><input type=\"radio\" value=\"Gutverdiener\/Supporter \/\/ 2.600 \u20ac zzgl. MwSt.)\" id=\"form-field-price-1\" name=\"form_fields[price]\" required=\"required\"> <label for=\"form-field-price-1\">Gutverdiener\/Supporter \/\/ 2.600 \u20ac zzgl. MwSt.)<\/label><\/span><span class=\"elementor-field-option\"><input type=\"radio\" value=\"Private Person \/\/ 1.950 \u20ac inkl. MWst.\" id=\"form-field-price-2\" name=\"form_fields[price]\" required=\"required\"> <label for=\"form-field-price-2\">Private Person \/\/ 1.950 \u20ac inkl. MWst.<\/label><\/span><\/div>\t\t\t\t<\/div>\n\t\t\t\t\t\t\t\t<div class=\"elementor-field-type-text elementor-field-group elementor-column elementor-field-group-street elementor-col-100\">\n\t\t\t\t\t\t\t\t\t\t\t\t\t<input size=\"1\" type=\"text\" name=\"form_fields[street]\" id=\"form-field-street\" class=\"elementor-field elementor-size-sm  elementor-field-textual\" placeholder=\"Gutschein-Code\">\n\t\t\t\t\t\t\t\t\t\t\t<\/div>\n\t\t\t\t\t\t\t\t<div class=\"elementor-field-type-checkbox elementor-field-group elementor-column elementor-field-group-fund elementor-col-100\">\n\t\t\t\t\t\t\t\t\t\t\t\t<label for=\"form-field-fund\" class=\"elementor-field-label\">\n\t\t\t\t\t\t\t\tTeil-Stipendium (auf Anfrage)\t\t\t\t\t\t\t<\/label>\n\t\t\t\t\t\t<div class=\"elementor-field-subgroup  \"><span class=\"elementor-field-option\"><input type=\"checkbox\" value=\"Unterst\u00fctzung durch Fund beantragen\" id=\"form-field-fund-0\" name=\"form_fields[fund]\"> <label for=\"form-field-fund-0\">Unterst\u00fctzung durch Fund beantragen<\/label><\/span><\/div>\t\t\t\t<\/div>\n\t\t\t\t\t\t\t\t<div class=\"elementor-field-type-text elementor-field-group elementor-column elementor-field-group-company elementor-col-100\">\n\t\t\t\t\t\t\t\t\t\t\t\t<label for=\"form-field-company\" class=\"elementor-field-label\">\n\t\t\t\t\t\t\t\tDeine Anschrift f\u00fcr die Rechnung\t\t\t\t\t\t\t<\/label>\n\t\t\t\t\t\t\t\t\t\t\t\t\t\t<input size=\"1\" type=\"text\" name=\"form_fields[company]\" id=\"form-field-company\" class=\"elementor-field elementor-size-sm  elementor-field-textual\" placeholder=\"Firma\">\n\t\t\t\t\t\t\t\t\t\t\t<\/div>\n\t\t\t\t\t\t\t\t<div class=\"elementor-field-type-text elementor-field-group elementor-column elementor-field-group-street elementor-col-100 elementor-field-required elementor-mark-required\">\n\t\t\t\t\t\t\t\t\t\t\t\t\t<input size=\"1\" type=\"text\" name=\"form_fields[street]\" id=\"form-field-street\" class=\"elementor-field elementor-size-sm  elementor-field-textual\" placeholder=\"Strasse &amp; Haus-Nr. *\" required=\"required\">\n\t\t\t\t\t\t\t\t\t\t\t<\/div>\n\t\t\t\t\t\t\t\t<div class=\"elementor-field-type-text elementor-field-group elementor-column elementor-field-group-plz elementor-col-100 elementor-field-required elementor-mark-required\">\n\t\t\t\t\t\t\t\t\t\t\t\t\t<input size=\"1\" type=\"text\" name=\"form_fields[plz]\" id=\"form-field-plz\" class=\"elementor-field elementor-size-sm  elementor-field-textual\" placeholder=\"PLZ *\" required=\"required\">\n\t\t\t\t\t\t\t\t\t\t\t<\/div>\n\t\t\t\t\t\t\t\t<div class=\"elementor-field-type-text elementor-field-group elementor-column elementor-field-group-city elementor-col-100 elementor-field-required elementor-mark-required\">\n\t\t\t\t\t\t\t\t\t\t\t\t\t<input size=\"1\" type=\"text\" name=\"form_fields[city]\" id=\"form-field-city\" class=\"elementor-field elementor-size-sm  elementor-field-textual\" placeholder=\"Ort *\" required=\"required\">\n\t\t\t\t\t\t\t\t\t\t\t<\/div>\n\t\t\t\t\t\t\t\t<div class=\"elementor-field-type-text elementor-field-group elementor-column elementor-field-group-referal elementor-col-100\">\n\t\t\t\t\t\t\t\t\t\t\t\t<label for=\"form-field-referal\" class=\"elementor-field-label\">\n\t\t\t\t\t\t\t\tWas wir noch \u00fcber dich wissen sollten\t\t\t\t\t\t\t<\/label>\n\t\t\t\t\t\t\t\t\t\t\t\t\t\t<input size=\"1\" type=\"text\" name=\"form_fields[referal]\" id=\"form-field-referal\" class=\"elementor-field elementor-size-sm  elementor-field-textual\" placeholder=\"Aufmerksam geworden durch\">\n\t\t\t\t\t\t\t\t\t\t\t<\/div>\n\t\t\t\t\t\t\t\t<div class=\"elementor-field-type-textarea elementor-field-group elementor-column elementor-field-group-field_3dc23ee elementor-col-100\">\n\t\t\t\t\t<textarea class=\"elementor-field-textual elementor-field  elementor-size-sm\" name=\"form_fields[field_3dc23ee]\" id=\"form-field-field_3dc23ee\" rows=\"4\" placeholder=\"Pers\u00f6nliche Nachricht\"><\/textarea>\t\t\t\t<\/div>\n\t\t\t\t\t\t\t\t<div class=\"elementor-field-type-acceptance elementor-field-group elementor-column elementor-field-group-6d1fd7d elementor-col-100 elementor-field-required elementor-mark-required\">\n\t\t\t\t\t\t\t\t\t\t\t\t<label for=\"form-field-6d1fd7d\" class=\"elementor-field-label\">\n\t\t\t\t\t\t\t\tEinverst\u00e4ndniserkl\u00e4rung\t\t\t\t\t\t\t<\/label>\n\t\t\t\t\t\t\t\t<div class=\"elementor-field-subgroup\">\n\t\t\t<span class=\"elementor-field-option\">\n\t\t\t\t<input type=\"checkbox\" name=\"form_fields[6d1fd7d]\" id=\"form-field-6d1fd7d\" class=\"elementor-field elementor-size-sm  elementor-acceptance-field\" required=\"required\">\n\t\t\t\t<label for=\"form-field-6d1fd7d\">Ich bin mit den <a href=\"https:\/\/movingmountains.eu\/datenschutz\" target=\"_blank\">Datenschutzbestimmungen <\/a> einverstanden.\n<\/label>\t\t\t<\/span>\n\t\t<\/div>\n\t\t\t\t\t\t<\/div>\n\t\t\t\t\t\t\t\t<div class=\"elementor-field-type-acceptance elementor-field-group elementor-column elementor-field-group-agb elementor-col-100 elementor-field-required elementor-mark-required\">\n\t\t\t\t\t\t\t<div class=\"elementor-field-subgroup\">\n\t\t\t<span class=\"elementor-field-option\">\n\t\t\t\t<input type=\"checkbox\" name=\"form_fields[agb]\" id=\"form-field-agb\" class=\"elementor-field elementor-size-sm  elementor-acceptance-field\" required=\"required\">\n\t\t\t\t<label for=\"form-field-agb\">Ich habe die <a href=\"https:\/\/movingmountains.eu\/agb\" target=\"_blank\"> Allgemeinen Gesch\u00e4fts- und Stornobedingungen <\/a>zur Kenntnis genommen.<\/label>\t\t\t<\/span>\n\t\t<\/div>\n\t\t\t\t\t\t<\/div>\n\t\t\t\t\t\t\t\t<div class=\"elementor-field-group elementor-column elementor-field-type-submit elementor-col-33 e-form__buttons\">\n\t\t\t\t\t<button class=\"elementor-button elementor-size-sm\" type=\"submit\">\n\t\t\t\t\t\t<span class=\"elementor-button-content-wrapper\">\n\t\t\t\t\t\t\t\t\t\t\t\t\t\t\t\t\t\t\t\t\t\t<span class=\"elementor-button-text\">Verbindlich anmelden<\/span>\n\t\t\t\t\t\t\t\t\t\t\t\t\t<\/span>\n\t\t\t\t\t<\/button>\n\t\t\t\t<\/div>\n\t\t\t<\/div>\n\t\t<\/form>\n\t\t\t\t\t\t<\/div>\n\t\t\t\t<\/div>\n\t\t\t\t\t<\/div>\n\t\t\t\t<\/div>\n\t\t\t\t<\/div>\n\t\t","protected":false},"excerpt":{"rendered":"<p>Deine Anmeldungzum Leadership Development Intensive Wir finden, dass Pers\u00f6nlichkeitsentwicklung zum Leben einfach dazu geh\u00f6rt. Deshalb haben wir f\u00fcr alle MovingMountains &#8222;LDI&#8220; Seminare einen &#8222;Fund&#8220; eingerichtet. Mehr erfahren.\u00a0 Bitte nimm dir einen Moment Zeit deinen Namen und Anschrift f\u00fcr uns zu hinterlegen. Hier findest du die Anmeldung. Anmeldung *) Die Preise verstehen sich zzgl. Reise,- Verpflegungs- [&hellip;]<\/p>\n","protected":false},"author":1,"featured_media":0,"parent":0,"menu_order":0,"comment_status":"closed","ping_status":"closed","template":"elementor_header_footer","meta":{"inline_featured_image":false,"footnotes":""},"class_list":["post-6937","page","type-page","status-publish","hentry"],"yoast_head":"<!-- This site is optimized with the Yoast SEO plugin v27.4 - https:\/\/yoast.com\/product\/yoast-seo-wordpress\/ -->\n<title>Anmeldung | Leadership Development mit Moving Mountains<\/title>\n<meta name=\"description\" content=\"Nur noch ein Schritt bist zum Leadership Development Intensive mit Moving Mountains. Wir freuen uns \u00fcber deine Anmeldung.\" \/>\n<meta name=\"robots\" content=\"index, follow, max-snippet:-1, max-image-preview:large, max-video-preview:-1\" \/>\n<link rel=\"canonical\" href=\"https:\/\/movingmountains.eu\/en\/registration-leadership-development-intensive\/\" \/>\n<meta property=\"og:locale\" content=\"en_US\" \/>\n<meta property=\"og:type\" content=\"article\" \/>\n<meta property=\"og:title\" content=\"Anmeldung | Leadership Development mit Moving Mountains\" \/>\n<meta property=\"og:description\" content=\"Nur noch ein Schritt bist zum Leadership Development Intensive mit Moving Mountains. Wir freuen uns \u00fcber deine Anmeldung.\" \/>\n<meta property=\"og:url\" content=\"https:\/\/movingmountains.eu\/en\/registration-leadership-development-intensive\/\" \/>\n<meta property=\"og:site_name\" content=\"Moving Mountains\" \/>\n<meta property=\"article:publisher\" content=\"https:\/\/www.facebook.com\/momountains\/\" \/>\n<meta property=\"article:modified_time\" content=\"2026-03-06T23:03:33+00:00\" \/>\n<meta property=\"og:image\" content=\"https:\/\/movingmountains.eu\/wp-content\/uploads\/2024\/03\/workshop-people-ldi-2.jpeg\" \/>\n\t<meta property=\"og:image:width\" content=\"480\" \/>\n\t<meta property=\"og:image:height\" content=\"360\" \/>\n\t<meta property=\"og:image:type\" content=\"image\/jpeg\" \/>\n<meta name=\"twitter:card\" content=\"summary_large_image\" \/>\n<meta name=\"twitter:label1\" content=\"Est. reading time\" \/>\n\t<meta name=\"twitter:data1\" content=\"1 minute\" \/>\n<script type=\"application\/ld+json\" class=\"yoast-schema-graph\">{\"@context\":\"https:\\\/\\\/schema.org\",\"@graph\":[{\"@type\":\"WebPage\",\"@id\":\"https:\\\/\\\/movingmountains.eu\\\/anmeldung-leadership-development-intensive\\\/\",\"url\":\"https:\\\/\\\/movingmountains.eu\\\/anmeldung-leadership-development-intensive\\\/\",\"name\":\"Anmeldung | Leadership Development mit Moving Mountains\",\"isPartOf\":{\"@id\":\"https:\\\/\\\/movingmountains.eu\\\/en\\\/#website\"},\"primaryImageOfPage\":{\"@id\":\"https:\\\/\\\/movingmountains.eu\\\/anmeldung-leadership-development-intensive\\\/#primaryimage\"},\"image\":{\"@id\":\"https:\\\/\\\/movingmountains.eu\\\/anmeldung-leadership-development-intensive\\\/#primaryimage\"},\"thumbnailUrl\":\"https:\\\/\\\/movingmountains.eu\\\/wp-content\\\/uploads\\\/2024\\\/03\\\/workshop-people-ldi-2.jpeg\",\"datePublished\":\"2024-07-30T15:17:59+00:00\",\"dateModified\":\"2026-03-06T23:03:33+00:00\",\"description\":\"Nur noch ein Schritt bist zum Leadership Development Intensive mit Moving Mountains. Wir freuen uns \u00fcber deine Anmeldung.\",\"breadcrumb\":{\"@id\":\"https:\\\/\\\/movingmountains.eu\\\/anmeldung-leadership-development-intensive\\\/#breadcrumb\"},\"inLanguage\":\"en-US\",\"potentialAction\":[{\"@type\":\"ReadAction\",\"target\":[\"https:\\\/\\\/movingmountains.eu\\\/anmeldung-leadership-development-intensive\\\/\"]}]},{\"@type\":\"ImageObject\",\"inLanguage\":\"en-US\",\"@id\":\"https:\\\/\\\/movingmountains.eu\\\/anmeldung-leadership-development-intensive\\\/#primaryimage\",\"url\":\"https:\\\/\\\/movingmountains.eu\\\/wp-content\\\/uploads\\\/2024\\\/03\\\/workshop-people-ldi-2.jpeg\",\"contentUrl\":\"https:\\\/\\\/movingmountains.eu\\\/wp-content\\\/uploads\\\/2024\\\/03\\\/workshop-people-ldi-2.jpeg\"},{\"@type\":\"BreadcrumbList\",\"@id\":\"https:\\\/\\\/movingmountains.eu\\\/anmeldung-leadership-development-intensive\\\/#breadcrumb\",\"itemListElement\":[{\"@type\":\"ListItem\",\"position\":1,\"name\":\"Startseite\",\"item\":\"https:\\\/\\\/movingmountains.eu\\\/\"},{\"@type\":\"ListItem\",\"position\":2,\"name\":\"Anmeldung zum Leadership Development Intensive\"}]},{\"@type\":\"WebSite\",\"@id\":\"https:\\\/\\\/movingmountains.eu\\\/en\\\/#website\",\"url\":\"https:\\\/\\\/movingmountains.eu\\\/en\\\/\",\"name\":\"Moving Mountains\",\"description\":\"Transforming the world in motion.\",\"publisher\":{\"@id\":\"https:\\\/\\\/movingmountains.eu\\\/en\\\/#organization\"},\"potentialAction\":[{\"@type\":\"SearchAction\",\"target\":{\"@type\":\"EntryPoint\",\"urlTemplate\":\"https:\\\/\\\/movingmountains.eu\\\/en\\\/?s={search_term_string}\"},\"query-input\":{\"@type\":\"PropertyValueSpecification\",\"valueRequired\":true,\"valueName\":\"search_term_string\"}}],\"inLanguage\":\"en-US\"},{\"@type\":\"Organization\",\"@id\":\"https:\\\/\\\/movingmountains.eu\\\/en\\\/#organization\",\"name\":\"MovingMountains\",\"url\":\"https:\\\/\\\/movingmountains.eu\\\/en\\\/\",\"logo\":{\"@type\":\"ImageObject\",\"inLanguage\":\"en-US\",\"@id\":\"https:\\\/\\\/movingmountains.eu\\\/en\\\/#\\\/schema\\\/logo\\\/image\\\/\",\"url\":\"\",\"contentUrl\":\"\",\"caption\":\"MovingMountains\"},\"image\":{\"@id\":\"https:\\\/\\\/movingmountains.eu\\\/en\\\/#\\\/schema\\\/logo\\\/image\\\/\"},\"sameAs\":[\"https:\\\/\\\/www.facebook.com\\\/momountains\\\/\",\"https:\\\/\\\/www.instagram.com\\\/movingmountains_momo\\\/\",\"https:\\\/\\\/www.linkedin.com\\\/company\\\/movingmountains\"]}]}<\/script>\n<!-- \/ Yoast SEO plugin. -->","yoast_head_json":{"title":"Registration | Leadership Development with Moving Mountains","description":"Just one step away from the Leadership Development Intensive with Moving Mountains. We look forward to your registration.","robots":{"index":"index","follow":"follow","max-snippet":"max-snippet:-1","max-image-preview":"max-image-preview:large","max-video-preview":"max-video-preview:-1"},"canonical":"https:\/\/movingmountains.eu\/en\/registration-leadership-development-intensive\/","og_locale":"en_US","og_type":"article","og_title":"Anmeldung | Leadership Development mit Moving Mountains","og_description":"Nur noch ein Schritt bist zum Leadership Development Intensive mit Moving Mountains. Wir freuen uns \u00fcber deine Anmeldung.","og_url":"https:\/\/movingmountains.eu\/en\/registration-leadership-development-intensive\/","og_site_name":"Moving Mountains","article_publisher":"https:\/\/www.facebook.com\/momountains\/","article_modified_time":"2026-03-06T23:03:33+00:00","og_image":[{"width":480,"height":360,"url":"https:\/\/movingmountains.eu\/wp-content\/uploads\/2024\/03\/workshop-people-ldi-2.jpeg","type":"image\/jpeg"}],"twitter_card":"summary_large_image","twitter_misc":{"Est. reading time":"1 minute"},"schema":{"@context":"https:\/\/schema.org","@graph":[{"@type":"WebPage","@id":"https:\/\/movingmountains.eu\/anmeldung-leadership-development-intensive\/","url":"https:\/\/movingmountains.eu\/anmeldung-leadership-development-intensive\/","name":"Registration | Leadership Development with Moving Mountains","isPartOf":{"@id":"https:\/\/movingmountains.eu\/en\/#website"},"primaryImageOfPage":{"@id":"https:\/\/movingmountains.eu\/anmeldung-leadership-development-intensive\/#primaryimage"},"image":{"@id":"https:\/\/movingmountains.eu\/anmeldung-leadership-development-intensive\/#primaryimage"},"thumbnailUrl":"https:\/\/movingmountains.eu\/wp-content\/uploads\/2024\/03\/workshop-people-ldi-2.jpeg","datePublished":"2024-07-30T15:17:59+00:00","dateModified":"2026-03-06T23:03:33+00:00","description":"Just one step away from the Leadership Development Intensive with Moving Mountains. We look forward to your registration.","breadcrumb":{"@id":"https:\/\/movingmountains.eu\/anmeldung-leadership-development-intensive\/#breadcrumb"},"inLanguage":"en-US","potentialAction":[{"@type":"ReadAction","target":["https:\/\/movingmountains.eu\/anmeldung-leadership-development-intensive\/"]}]},{"@type":"ImageObject","inLanguage":"en-US","@id":"https:\/\/movingmountains.eu\/anmeldung-leadership-development-intensive\/#primaryimage","url":"https:\/\/movingmountains.eu\/wp-content\/uploads\/2024\/03\/workshop-people-ldi-2.jpeg","contentUrl":"https:\/\/movingmountains.eu\/wp-content\/uploads\/2024\/03\/workshop-people-ldi-2.jpeg"},{"@type":"BreadcrumbList","@id":"https:\/\/movingmountains.eu\/anmeldung-leadership-development-intensive\/#breadcrumb","itemListElement":[{"@type":"ListItem","position":1,"name":"Startseite","item":"https:\/\/movingmountains.eu\/"},{"@type":"ListItem","position":2,"name":"Anmeldung zum Leadership Development Intensive"}]},{"@type":"WebSite","@id":"https:\/\/movingmountains.eu\/en\/#website","url":"https:\/\/movingmountains.eu\/en\/","name":"Moving Mountains","description":"Transforming the world in motion.","publisher":{"@id":"https:\/\/movingmountains.eu\/en\/#organization"},"potentialAction":[{"@type":"SearchAction","target":{"@type":"EntryPoint","urlTemplate":"https:\/\/movingmountains.eu\/en\/?s={search_term_string}"},"query-input":{"@type":"PropertyValueSpecification","valueRequired":true,"valueName":"search_term_string"}}],"inLanguage":"en-US"},{"@type":"Organization","@id":"https:\/\/movingmountains.eu\/en\/#organization","name":"MovingMountains","url":"https:\/\/movingmountains.eu\/en\/","logo":{"@type":"ImageObject","inLanguage":"en-US","@id":"https:\/\/movingmountains.eu\/en\/#\/schema\/logo\/image\/","url":"","contentUrl":"","caption":"MovingMountains"},"image":{"@id":"https:\/\/movingmountains.eu\/en\/#\/schema\/logo\/image\/"},"sameAs":["https:\/\/www.facebook.com\/momountains\/","https:\/\/www.instagram.com\/movingmountains_momo\/","https:\/\/www.linkedin.com\/company\/movingmountains"]}]}},"_links":{"self":[{"href":"https:\/\/movingmountains.eu\/en\/wp-json\/wp\/v2\/pages\/6937","targetHints":{"allow":["GET"]}}],"collection":[{"href":"https:\/\/movingmountains.eu\/en\/wp-json\/wp\/v2\/pages"}],"about":[{"href":"https:\/\/movingmountains.eu\/en\/wp-json\/wp\/v2\/types\/page"}],"author":[{"embeddable":true,"href":"https:\/\/movingmountains.eu\/en\/wp-json\/wp\/v2\/users\/1"}],"replies":[{"embeddable":true,"href":"https:\/\/movingmountains.eu\/en\/wp-json\/wp\/v2\/comments?post=6937"}],"version-history":[{"count":0,"href":"https:\/\/movingmountains.eu\/en\/wp-json\/wp\/v2\/pages\/6937\/revisions"}],"wp:attachment":[{"href":"https:\/\/movingmountains.eu\/en\/wp-json\/wp\/v2\/media?parent=6937"}],"curies":[{"name":"wp","href":"https:\/\/api.w.org\/{rel}","templated":true}]}}